{"id":6967,"date":"2022-05-02T22:02:24","date_gmt":"2022-05-02T22:02:24","guid":{"rendered":"https:\/\/guitarmusichall.com.mx\/shop\/?post_type=product&#038;p=6967"},"modified":"2024-11-07T23:24:24","modified_gmt":"2024-11-07T23:24:24","slug":"korg-microkey-2-37air","status":"publish","type":"product","link":"https:\/\/guitarmusichall.com.mx\/shop\/producto\/korg-microkey-2-37air\/","title":{"rendered":"KORG MICROKEY 2-37AIR"},"content":{"rendered":"","protected":false},"excerpt":{"rendered":"<p><strong>DESCRIPCION DEL PRODUCTO<\/strong><\/p>\n<p>Controlador Midi Korg MicroKey 2 37 Air<\/p>\n<p><strong>NUMERO DE PRODUCTO<\/strong><\/p>\n<p>MICROKEY2-37AIR<\/p>\n<p><strong>DESCRIPCION DEL PRODUCTO<\/strong><\/p>\n<p>El mini teclado Natural Touch de KORG ha sido cuidadosamente dise\u00f1ado para garantizar la facilidad de ejecuci\u00f3n sin dejar de ser compacto, y facilita la ejecuci\u00f3n de acordes o frases r\u00e1pidas.<\/p>\n<p>37 Teclas<\/p>\n<p>Los modelos de 37, 49 y 61 teclas proporcionan un conector de interruptor asignable para conectar un pedal amortiguador. El modelo de 25 teclas proporciona un bot\u00f3n de sostenido que implementa la funci\u00f3n de amortiguaci\u00f3n. En todos los modelos, puede usar los botones de octava junto con la funci\u00f3n de transposici\u00f3n de teclas para reproducir todo el rango de notas de MIDI.<\/p>\n<p>Los modelos de 37, 49 y 61 teclas cuentan con ruedas de pitch bend y modulaci\u00f3n. El modelo de 25 teclas proporciona un joystick que tambi\u00e9n puede controlar la modulaci\u00f3n y la inflexi\u00f3n del tono, as\u00ed como una funci\u00f3n de arpegiador, lo que le brinda un control total a pesar de las dimensiones que ahorran espacio de este modelo y brinda una gran expresi\u00f3n de rendimiento.<\/p>\n<p>&nbsp;<\/p>\n","protected":false},"featured_media":6999,"template":"","meta":{"site-sidebar-layout":"default","site-content-layout":"default","ast-site-content-layout":"default","site-content-style":"default","site-sidebar-style":"default","ast-global-header-display":"","ast-banner-title-visibility":"","ast-main-header-display":"","ast-hfb-above-header-display":"","ast-hfb-below-header-display":"","ast-hfb-mobile-header-display":"","site-post-title":"","ast-breadcrumbs-content":"","ast-featured-img":"","footer-sml-layout":"","ast-disable-related-posts":"","theme-transparent-header-meta":"default","adv-header-id-meta":"","stick-header-meta":"","header-above-stick-meta":"","header-main-stick-meta":"","header-below-stick-meta":"","astra-migrate-meta-layouts":"default","ast-page-background-enabled":"default","ast-page-background-meta":{"desktop":{"background-color":"","background-image":"","background-repeat":"repeat","background-position":"center center","background-size":"auto","background-attachment":"scroll","background-type":"","background-media":"","overlay-type":"","overlay-color":"","overlay-opacity":"","overlay-gradient":""},"tablet":{"background-color":"","background-image":"","background-repeat":"repeat","background-position":"center center","background-size":"auto","background-attachment":"scroll","background-type":"","background-media":"","overlay-type":"","overlay-color":"","overlay-opacity":"","overlay-gradient":""},"mobile":{"background-color":"","background-image":"","background-repeat":"repeat","background-position":"center center","background-size":"auto","background-attachment":"scroll","background-type":"","background-media":"","overlay-type":"","overlay-color":"","overlay-opacity":"","overlay-gradient":""}},"ast-content-background-meta":{"desktop":{"background-color":"var(--ast-global-color-5)","background-image":"","background-repeat":"repeat","background-position":"center center","background-size":"auto","background-attachment":"scroll","background-type":"","background-media":"","overlay-type":"","overlay-color":"","overlay-opacity":"","overlay-gradient":""},"tablet":{"background-color":"var(--ast-global-color-5)","background-image":"","background-repeat":"repeat","background-position":"center center","background-size":"auto","background-attachment":"scroll","background-type":"","background-media":"","overlay-type":"","overlay-color":"","overlay-opacity":"","overlay-gradient":""},"mobile":{"background-color":"var(--ast-global-color-5)","background-image":"","background-repeat":"repeat","background-position":"center center","background-size":"auto","background-attachment":"scroll","background-type":"","background-media":"","overlay-type":"","overlay-color":"","overlay-opacity":"","overlay-gradient":""}}},"product_brand":[],"product_cat":[218,252],"product_tag":[],"class_list":{"0":"post-6967","1":"product","2":"type-product","3":"status-publish","4":"has-post-thumbnail","6":"product_cat-controladores","7":"product_cat-korg","8":"desktop-align-left","9":"tablet-align-left","10":"mobile-align-left","12":"first","13":"instock","14":"shipping-taxable","15":"purchasable","16":"product-type-simple"},"jetpack_sharing_enabled":true,"_links":{"self":[{"href":"https:\/\/guitarmusichall.com.mx\/shop\/wp-json\/wp\/v2\/product\/6967","targetHints":{"allow":["GET"]}}],"collection":[{"href":"https:\/\/guitarmusichall.com.mx\/shop\/wp-json\/wp\/v2\/product"}],"about":[{"href":"https:\/\/guitarmusichall.com.mx\/shop\/wp-json\/wp\/v2\/types\/product"}],"wp:featuredmedia":[{"embeddable":true,"href":"https:\/\/guitarmusichall.com.mx\/shop\/wp-json\/wp\/v2\/media\/6999"}],"wp:attachment":[{"href":"https:\/\/guitarmusichall.com.mx\/shop\/wp-json\/wp\/v2\/media?parent=6967"}],"wp:term":[{"taxonomy":"product_brand","embeddable":true,"href":"https:\/\/guitarmusichall.com.mx\/shop\/wp-json\/wp\/v2\/product_brand?post=6967"},{"taxonomy":"product_cat","embeddable":true,"href":"https:\/\/guitarmusichall.com.mx\/shop\/wp-json\/wp\/v2\/product_cat?post=6967"},{"taxonomy":"product_tag","embeddable":true,"href":"https:\/\/guitarmusichall.com.mx\/shop\/wp-json\/wp\/v2\/product_tag?post=6967"}],"curies":[{"name":"wp","href":"https:\/\/api.w.org\/{rel}","templated":true}]}}