{"id":7157,"date":"2022-06-02T21:27:06","date_gmt":"2022-06-02T21:27:06","guid":{"rendered":"https:\/\/guitarmusichall.com.mx\/shop\/?post_type=product&#038;p=7157"},"modified":"2024-11-07T23:32:18","modified_gmt":"2024-11-07T23:32:18","slug":"behringer-v-tone-acoustic","status":"publish","type":"product","link":"https:\/\/guitarmusichall.com.mx\/shop\/producto\/behringer-v-tone-acoustic\/","title":{"rendered":"BEHRINGER V TONE ACOUSTIC DI"},"content":{"rendered":"","protected":false},"excerpt":{"rendered":"<p><strong>DESCRIPCION DEL PRODUCTO<\/strong><\/p>\n<p>Pedal Behringer V Tone Acoustic DI<\/p>\n<p><strong>NUMERO DE PRODUCTO<\/strong><\/p>\n<p>AD121<\/p>\n<p><strong>CARACTERISTICAS DEL PRODUCTO<\/strong><\/p>\n<p>Para un sonido desconectado que es rico, fuerte y electrizante, pise el\u00a0 V-Tone Acoustic DI ADI21. \u00a1Esta incre\u00edble cajita es esencial para las guitarras equipadas con piezoel\u00e9ctricos y har\u00e1 que el sonido de tu guitarra ac\u00fastica cobre vida! El ADI21 combina las caracter\u00edsticas de una caja DI activa (inyecci\u00f3n directa) con nuestro circuito patentado de emulaci\u00f3n de tubo\/micr\u00f3fono. Disfrute de un ecualizador completo de 3 bandas con barrido de medios y un control Blend que le permite mezclar la cantidad de emulaci\u00f3n de amplificador y micr\u00f3fono que desee con su se\u00f1al directa. Y si prefiere el enfoque de la \u00abvieja escuela\u00bb, simplemente pise el interruptor y el ADI21 funcionar\u00e1 como una excelente caja DI activa.<\/p>\n<p>Por su propia naturaleza, las pastillas piezoel\u00e9ctricas tienden a ser muy brillantes, con una respuesta de graves y una calidez algo reducidas. El ADI21 combina las caracter\u00edsticas de una caja DI activa (inyecci\u00f3n directa) con nuestra emulaci\u00f3n patentada de micr\u00f3fono\/tubo. El control BLEND le permite mezclar la cantidad de tono modelado con la salida normal de su instrumento. El sonido resultante es m\u00e1s natural con una saturaci\u00f3n suave, como si tu guitarra estuviera siendo microfoneada al aire libre.<\/p>\n<p>Armado con un ecualizador de 3 bandas incorporado, con medios de barrido para mantener la retroalimentaci\u00f3n bajo control, el ADI21 elimina efectivamente los arm\u00f3nicos \u00e1speros de las pastillas piezoel\u00e9ctricas. La salida se presenta en conectores TS de 1\u20444&#8243; o XLR balanceados enchapados en oro, que se pueden usar para enviar una se\u00f1al de baja impedancia a la mesa de mezclas o directamente a la cinta. Tambi\u00e9n obtiene un interruptor de elevaci\u00f3n a tierra para eliminar la molesta conexi\u00f3n a tierra. problemas de zumbido de bucle Puede alimentar este peque\u00f1o salvavidas con una bater\u00eda de 9 V o nuestra fuente de alimentaci\u00f3n PSU-SB DC (No incluida).<\/p>\n<p>&nbsp;<\/p>\n","protected":false},"featured_media":7158,"template":"","meta":{"site-sidebar-layout":"default","site-content-layout":"default","ast-site-content-layout":"default","site-content-style":"default","site-sidebar-style":"default","ast-global-header-display":"","ast-banner-title-visibility":"","ast-main-header-display":"","ast-hfb-above-header-display":"","ast-hfb-below-header-display":"","ast-hfb-mobile-header-display":"","site-post-title":"","ast-breadcrumbs-content":"","ast-featured-img":"","footer-sml-layout":"","ast-disable-related-posts":"","theme-transparent-header-meta":"default","adv-header-id-meta":"","stick-header-meta":"","header-above-stick-meta":"","header-main-stick-meta":"","header-below-stick-meta":"","astra-migrate-meta-layouts":"default","ast-page-background-enabled":"default","ast-page-background-meta":{"desktop":{"background-color":"","background-image":"","background-repeat":"repeat","background-position":"center center","background-size":"auto","background-attachment":"scroll","background-type":"","background-media":"","overlay-type":"","overlay-color":"","overlay-opacity":"","overlay-gradient":""},"tablet":{"background-color":"","background-image":"","background-repeat":"repeat","background-position":"center center","background-size":"auto","background-attachment":"scroll","background-type":"","background-media":"","overlay-type":"","overlay-color":"","overlay-opacity":"","overlay-gradient":""},"mobile":{"background-color":"","background-image":"","background-repeat":"repeat","background-position":"center center","background-size":"auto","background-attachment":"scroll","background-type":"","background-media":"","overlay-type":"","overlay-color":"","overlay-opacity":"","overlay-gradient":""}},"ast-content-background-meta":{"desktop":{"background-color":"var(--ast-global-color-5)","background-image":"","background-repeat":"repeat","background-position":"center center","background-size":"auto","background-attachment":"scroll","background-type":"","background-media":"","overlay-type":"","overlay-color":"","overlay-opacity":"","overlay-gradient":""},"tablet":{"background-color":"var(--ast-global-color-5)","background-image":"","background-repeat":"repeat","background-position":"center center","background-size":"auto","background-attachment":"scroll","background-type":"","background-media":"","overlay-type":"","overlay-color":"","overlay-opacity":"","overlay-gradient":""},"mobile":{"background-color":"var(--ast-global-color-5)","background-image":"","background-repeat":"repeat","background-position":"center center","background-size":"auto","background-attachment":"scroll","background-type":"","background-media":"","overlay-type":"","overlay-color":"","overlay-opacity":"","overlay-gradient":""}}},"product_brand":[],"product_cat":[253,223],"product_tag":[],"class_list":{"0":"post-7157","1":"product","2":"type-product","3":"status-publish","4":"has-post-thumbnail","6":"product_cat-behringer","7":"product_cat-behringer-eacust","8":"desktop-align-left","9":"tablet-align-left","10":"mobile-align-left","12":"first","13":"outofstock","14":"shipping-taxable","15":"purchasable","16":"product-type-simple"},"jetpack_sharing_enabled":true,"_links":{"self":[{"href":"https:\/\/guitarmusichall.com.mx\/shop\/wp-json\/wp\/v2\/product\/7157","targetHints":{"allow":["GET"]}}],"collection":[{"href":"https:\/\/guitarmusichall.com.mx\/shop\/wp-json\/wp\/v2\/product"}],"about":[{"href":"https:\/\/guitarmusichall.com.mx\/shop\/wp-json\/wp\/v2\/types\/product"}],"wp:featuredmedia":[{"embeddable":true,"href":"https:\/\/guitarmusichall.com.mx\/shop\/wp-json\/wp\/v2\/media\/7158"}],"wp:attachment":[{"href":"https:\/\/guitarmusichall.com.mx\/shop\/wp-json\/wp\/v2\/media?parent=7157"}],"wp:term":[{"taxonomy":"product_brand","embeddable":true,"href":"https:\/\/guitarmusichall.com.mx\/shop\/wp-json\/wp\/v2\/product_brand?post=7157"},{"taxonomy":"product_cat","embeddable":true,"href":"https:\/\/guitarmusichall.com.mx\/shop\/wp-json\/wp\/v2\/product_cat?post=7157"},{"taxonomy":"product_tag","embeddable":true,"href":"https:\/\/guitarmusichall.com.mx\/shop\/wp-json\/wp\/v2\/product_tag?post=7157"}],"curies":[{"name":"wp","href":"https:\/\/api.w.org\/{rel}","templated":true}]}}