{"id":7212,"date":"2022-06-11T19:36:26","date_gmt":"2022-06-11T19:36:26","guid":{"rendered":"https:\/\/guitarmusichall.com.mx\/shop\/?post_type=product&#038;p=7212"},"modified":"2022-06-11T19:36:26","modified_gmt":"2022-06-11T19:36:26","slug":"boss-drum-machine-dr-3","status":"publish","type":"product","link":"https:\/\/guitarmusichall.com.mx\/shop\/producto\/boss-drum-machine-dr-3\/","title":{"rendered":"BOSS DRUM MACHINE DR-3"},"content":{"rendered":"","protected":false},"excerpt":{"rendered":"<p><strong>DESCRIPCION DEL PRODUCTO<\/strong><\/p>\n<p>Caja de Ritmos Boss<\/p>\n<p><strong>NUMERO DE PRODUCTO<\/strong><\/p>\n<p>DR-3<\/p>\n<p><strong>CARACTERISTICAS DEL PRODUCTO<\/strong><\/p>\n<p>UNA SOLUCI\u00d3N R\u00c1PIDA Y F\u00c1CIL PARA TAMBORES CON SONIDO PROFESIONAL.<br \/>\nCon la DR-3 Dr. Rhythm, los guitarristas y compositores pueden agregar bater\u00edas con un sonido incre\u00edble a su m\u00fasica. Esta caja de ritmos ultra asequible incluye algunos de los mejores kits de bater\u00eda ac\u00fastica y electr\u00f3nica de BOSS y una selecci\u00f3n de sonidos de bajo. Ideal para improvisar, las progresiones r\u00edtmicas y las m\u00faltiples variaciones del DR-3 facilitan la creaci\u00f3n de una pista de bater\u00eda con un sonido realista para cualquier estilo de m\u00fasica. Y con Total Sound Control, puedes ajustar tus kits a la perfecci\u00f3n.<\/p>\n<p>* La caja de ritmos m\u00e1s asequible de BOSS para improvisar o practicar<\/p>\n<p>* Sonidos realistas de bater\u00eda, percusi\u00f3n y bajo con pads sensibles a la velocidad<\/p>\n<p>* Nuevas progresiones r\u00edtmicas con 3 variaciones cada una para Intro, Verse, Fill y Ending<\/p>\n<p>* Nuevo TSC con funci\u00f3n Sound Shape y Ambience para sonidos de bater\u00eda profesionales<\/p>\n<p>*100 estilos preestablecidos y 100 estilos de usuario programables mediante grabaci\u00f3n en tiempo real o por pasos<\/p>\n<p>* Entrada de interruptor de pie para un f\u00e1cil control en vivo; funciona con corriente alterna o bater\u00eda<\/p>\n","protected":false},"featured_media":7213,"template":"","meta":{"site-sidebar-layout":"default","site-content-layout":"default","ast-site-content-layout":"default","site-content-style":"default","site-sidebar-style":"default","ast-global-header-display":"","ast-banner-title-visibility":"","ast-main-header-display":"","ast-hfb-above-header-display":"","ast-hfb-below-header-display":"","ast-hfb-mobile-header-display":"","site-post-title":"","ast-breadcrumbs-content":"","ast-featured-img":"","footer-sml-layout":"","ast-disable-related-posts":"","theme-transparent-header-meta":"default","adv-header-id-meta":"","stick-header-meta":"","header-above-stick-meta":"","header-main-stick-meta":"","header-below-stick-meta":"","astra-migrate-meta-layouts":"default","ast-page-background-enabled":"default","ast-page-background-meta":{"desktop":{"background-color":"","background-image":"","background-repeat":"repeat","background-position":"center center","background-size":"auto","background-attachment":"scroll","background-type":"","background-media":"","overlay-type":"","overlay-color":"","overlay-opacity":"","overlay-gradient":""},"tablet":{"background-color":"","background-image":"","background-repeat":"repeat","background-position":"center center","background-size":"auto","background-attachment":"scroll","background-type":"","background-media":"","overlay-type":"","overlay-color":"","overlay-opacity":"","overlay-gradient":""},"mobile":{"background-color":"","background-image":"","background-repeat":"repeat","background-position":"center center","background-size":"auto","background-attachment":"scroll","background-type":"","background-media":"","overlay-type":"","overlay-color":"","overlay-opacity":"","overlay-gradient":""}},"ast-content-background-meta":{"desktop":{"background-color":"var(--ast-global-color-5)","background-image":"","background-repeat":"repeat","background-position":"center center","background-size":"auto","background-attachment":"scroll","background-type":"","background-media":"","overlay-type":"","overlay-color":"","overlay-opacity":"","overlay-gradient":""},"tablet":{"background-color":"var(--ast-global-color-5)","background-image":"","background-repeat":"repeat","background-position":"center center","background-size":"auto","background-attachment":"scroll","background-type":"","background-media":"","overlay-type":"","overlay-color":"","overlay-opacity":"","overlay-gradient":""},"mobile":{"background-color":"var(--ast-global-color-5)","background-image":"","background-repeat":"repeat","background-position":"center center","background-size":"auto","background-attachment":"scroll","background-type":"","background-media":"","overlay-type":"","overlay-color":"","overlay-opacity":"","overlay-gradient":""}}},"product_brand":[],"product_cat":[226],"product_tag":[],"class_list":{"0":"post-7212","1":"product","2":"type-product","3":"status-publish","4":"has-post-thumbnail","6":"product_cat-caja-de-ritmos","7":"product_shipping_class-producto-grande","8":"desktop-align-left","9":"tablet-align-left","10":"mobile-align-left","12":"first","13":"instock","14":"shipping-taxable","15":"purchasable","16":"product-type-simple"},"jetpack_sharing_enabled":true,"_links":{"self":[{"href":"https:\/\/guitarmusichall.com.mx\/shop\/wp-json\/wp\/v2\/product\/7212","targetHints":{"allow":["GET"]}}],"collection":[{"href":"https:\/\/guitarmusichall.com.mx\/shop\/wp-json\/wp\/v2\/product"}],"about":[{"href":"https:\/\/guitarmusichall.com.mx\/shop\/wp-json\/wp\/v2\/types\/product"}],"wp:featuredmedia":[{"embeddable":true,"href":"https:\/\/guitarmusichall.com.mx\/shop\/wp-json\/wp\/v2\/media\/7213"}],"wp:attachment":[{"href":"https:\/\/guitarmusichall.com.mx\/shop\/wp-json\/wp\/v2\/media?parent=7212"}],"wp:term":[{"taxonomy":"product_brand","embeddable":true,"href":"https:\/\/guitarmusichall.com.mx\/shop\/wp-json\/wp\/v2\/product_brand?post=7212"},{"taxonomy":"product_cat","embeddable":true,"href":"https:\/\/guitarmusichall.com.mx\/shop\/wp-json\/wp\/v2\/product_cat?post=7212"},{"taxonomy":"product_tag","embeddable":true,"href":"https:\/\/guitarmusichall.com.mx\/shop\/wp-json\/wp\/v2\/product_tag?post=7212"}],"curies":[{"name":"wp","href":"https:\/\/api.w.org\/{rel}","templated":true}]}}