{"id":7402,"date":"2022-06-30T18:24:35","date_gmt":"2022-06-30T18:24:35","guid":{"rendered":"https:\/\/guitarmusichall.com.mx\/shop\/?post_type=product&#038;p=7402"},"modified":"2024-10-26T20:42:26","modified_gmt":"2024-10-26T20:42:26","slug":"music-nomad-fretboard-kit","status":"publish","type":"product","link":"https:\/\/guitarmusichall.com.mx\/shop\/producto\/music-nomad-fretboard-kit\/","title":{"rendered":"MUSIC NOMAD FRETBOARD KIT"},"content":{"rendered":"","protected":false},"excerpt":{"rendered":"<p><strong>DESCRIPCION DEL PRODUCTO<\/strong><\/p>\n<p>Music Nomad Fretboard Polishing Kit<\/p>\n<p><strong>NUMERO DE PRODUCTO<\/strong><\/p>\n<p>MN124<\/p>\n<p><strong>CARACTERISTICAS DEL PRODUCTO<\/strong><\/p>\n<p>Los trastes limpios y suaves no solo facilitar\u00e1n la flexi\u00f3n y el vibrato, sino que tambi\u00e9n prolongar\u00e1n la vida \u00fatil de las cuerdas. Los trastes oxidados y sucios causan m\u00e1s da\u00f1o a las cuerdas de lo que piensas. El kit de pulido de trastes FRINE de Music Nomad contiene todo lo que necesita para darle a sus trastes un brillo deslumbrante y limpio. El FRINE Fret Polish especialmente formulado tiene compuestos de pulido microfinos que eliminan de forma segura y r\u00e1pida la oxidaci\u00f3n, la suciedad y el aceite. Nuestras innovadoras protecciones para el diapas\u00f3n y el pa\u00f1o de microfibra premium est\u00e1n dise\u00f1ados para que sea seguro y muy f\u00e1cil. Ahora puede restaurar la suavidad y un brillo de espejo a sus trastes sin la molestia de los limpiadores fuertes y la lana de acero desordenada. \u00a1Mira, suena y juega lo mejor!<\/p>\n<p>* FRINE Fret Polish F\u00f3rmula revolucionaria sin petr\u00f3leo dise\u00f1ada para limpiar y pulir todos los trastes de forma segura y r\u00e1pida 1 fl oz\/30 ml<\/p>\n<p>* 3 protectores de diapas\u00f3n GRIP El mango innovador evita que sus manos se interpongan en el camino y dise\u00f1\u00f3 contornos de \u00e1ngulo curvo para todos los diapasones. 1 de cada uno para todos los tama\u00f1os de ranura de traste peque\u00f1o, mediano y jumbo<\/p>\n<p>* Gamuza de microfibra especialmente dise\u00f1ada para trabajar con nuestro pulidor de trastes FRINE. Lavable en la lavadora. 8\u201d x 6\u201d<\/p>\n<p>* Seguro para todos los trastes de metal.<\/p>\n","protected":false},"featured_media":7404,"template":"","meta":{"site-sidebar-layout":"default","site-content-layout":"default","ast-site-content-layout":"default","site-content-style":"default","site-sidebar-style":"default","ast-global-header-display":"","ast-banner-title-visibility":"","ast-main-header-display":"","ast-hfb-above-header-display":"","ast-hfb-below-header-display":"","ast-hfb-mobile-header-display":"","site-post-title":"","ast-breadcrumbs-content":"","ast-featured-img":"","footer-sml-layout":"","ast-disable-related-posts":"","theme-transparent-header-meta":"default","adv-header-id-meta":"","stick-header-meta":"","header-above-stick-meta":"","header-main-stick-meta":"","header-below-stick-meta":"","astra-migrate-meta-layouts":"default","ast-page-background-enabled":"default","ast-page-background-meta":{"desktop":{"background-color":"","background-image":"","background-repeat":"repeat","background-position":"center center","background-size":"auto","background-attachment":"scroll","background-type":"","background-media":"","overlay-type":"","overlay-color":"","overlay-opacity":"","overlay-gradient":""},"tablet":{"background-color":"","background-image":"","background-repeat":"repeat","background-position":"center center","background-size":"auto","background-attachment":"scroll","background-type":"","background-media":"","overlay-type":"","overlay-color":"","overlay-opacity":"","overlay-gradient":""},"mobile":{"background-color":"","background-image":"","background-repeat":"repeat","background-position":"center center","background-size":"auto","background-attachment":"scroll","background-type":"","background-media":"","overlay-type":"","overlay-color":"","overlay-opacity":"","overlay-gradient":""}},"ast-content-background-meta":{"desktop":{"background-color":"var(--ast-global-color-5)","background-image":"","background-repeat":"repeat","background-position":"center center","background-size":"auto","background-attachment":"scroll","background-type":"","background-media":"","overlay-type":"","overlay-color":"","overlay-opacity":"","overlay-gradient":""},"tablet":{"background-color":"var(--ast-global-color-5)","background-image":"","background-repeat":"repeat","background-position":"center center","background-size":"auto","background-attachment":"scroll","background-type":"","background-media":"","overlay-type":"","overlay-color":"","overlay-opacity":"","overlay-gradient":""},"mobile":{"background-color":"var(--ast-global-color-5)","background-image":"","background-repeat":"repeat","background-position":"center center","background-size":"auto","background-attachment":"scroll","background-type":"","background-media":"","overlay-type":"","overlay-color":"","overlay-opacity":"","overlay-gradient":""}}},"product_brand":[],"product_cat":[105,103],"product_tag":[],"class_list":{"0":"post-7402","1":"product","2":"type-product","3":"status-publish","4":"has-post-thumbnail","6":"product_cat-herramienta","7":"product_cat-limpiadores","8":"desktop-align-left","9":"tablet-align-left","10":"mobile-align-left","12":"first","13":"instock","14":"shipping-taxable","15":"purchasable","16":"product-type-simple"},"jetpack_sharing_enabled":true,"_links":{"self":[{"href":"https:\/\/guitarmusichall.com.mx\/shop\/wp-json\/wp\/v2\/product\/7402","targetHints":{"allow":["GET"]}}],"collection":[{"href":"https:\/\/guitarmusichall.com.mx\/shop\/wp-json\/wp\/v2\/product"}],"about":[{"href":"https:\/\/guitarmusichall.com.mx\/shop\/wp-json\/wp\/v2\/types\/product"}],"wp:featuredmedia":[{"embeddable":true,"href":"https:\/\/guitarmusichall.com.mx\/shop\/wp-json\/wp\/v2\/media\/7404"}],"wp:attachment":[{"href":"https:\/\/guitarmusichall.com.mx\/shop\/wp-json\/wp\/v2\/media?parent=7402"}],"wp:term":[{"taxonomy":"product_brand","embeddable":true,"href":"https:\/\/guitarmusichall.com.mx\/shop\/wp-json\/wp\/v2\/product_brand?post=7402"},{"taxonomy":"product_cat","embeddable":true,"href":"https:\/\/guitarmusichall.com.mx\/shop\/wp-json\/wp\/v2\/product_cat?post=7402"},{"taxonomy":"product_tag","embeddable":true,"href":"https:\/\/guitarmusichall.com.mx\/shop\/wp-json\/wp\/v2\/product_tag?post=7402"}],"curies":[{"name":"wp","href":"https:\/\/api.w.org\/{rel}","templated":true}]}}