{"id":7475,"date":"2022-07-14T20:04:33","date_gmt":"2022-07-14T20:04:33","guid":{"rendered":"https:\/\/guitarmusichall.com.mx\/shop\/?post_type=product&#038;p=7475"},"modified":"2025-06-02T20:50:18","modified_gmt":"2025-06-02T20:50:18","slug":"daddario-guitar-humidificador-ghp","status":"publish","type":"product","link":"https:\/\/guitarmusichall.com.mx\/shop\/producto\/daddario-guitar-humidificador-ghp\/","title":{"rendered":"D&#8217;ADDARIO GUITAR HUMIDIFICADOR GHP"},"content":{"rendered":"","protected":false},"excerpt":{"rendered":"<p><strong>DESCRIPCION DEL PRODUCTO<\/strong><\/p>\n<p>Humifificador para Guitarra D&#8217;addario Planet Waves<\/p>\n<p><strong>NUMERO DE PRODUCTO<\/strong><\/p>\n<p>GHP<\/p>\n<p><strong>CARACTERISTICAS DEL PRODUCTO<\/strong><\/p>\n<p>El humidificador D&#8217;Addario Pro protege tu guitarra incluso en las condiciones m\u00e1s secas. Gracias a una esponja hidr\u00f3fila especializada que retiene 12 veces su peso en agua (mucho m\u00e1s que una esponja com\u00fan), el humidificador Pro permite per\u00edodos m\u00e1s largos entre recargas y aumenta la protecci\u00f3n en entornos m\u00e1s secos. Proteger contra grietas, deformaciones de m\u00e1stiles y encogimiento ahora es m\u00e1s f\u00e1cil y menos trabajoso, preservando la m\u00e1xima capacidad de ejecuci\u00f3n de tu instrumento. Suspendido por las cuerdas, el humidificador libera humedad de manera uniforme y lenta dentro de tu guitarra, pero nunca toca el cuerpo de la guitarra. El tap\u00f3n del humidificador te permite verificar el estado de la esponja sin quitar la unidad y proporciona un sello herm\u00e9tico cuando est\u00e1 en su lugar. Mantener el humidificador es tan f\u00e1cil como humedecer la esponja cuando se seca.<\/p>\n<p>* Esponja especializada que retiene 12 veces su peso en agua.<\/p>\n<p>* Mayor tiempo entre recargas<\/p>\n<p>* El tap\u00f3n permite comprobar r\u00e1pidamente el estado sin necesidad de retirar el contenedor de la guitarra.<\/p>\n<p>* Nunca toca el cuerpo del instrumento.<\/p>\n<p>* Libera la humedad de manera uniforme.<\/p>\n","protected":false},"featured_media":9198,"template":"","meta":{"site-sidebar-layout":"default","site-content-layout":"default","ast-site-content-layout":"default","site-content-style":"default","site-sidebar-style":"default","ast-global-header-display":"","ast-banner-title-visibility":"","ast-main-header-display":"","ast-hfb-above-header-display":"","ast-hfb-below-header-display":"","ast-hfb-mobile-header-display":"","site-post-title":"","ast-breadcrumbs-content":"","ast-featured-img":"","footer-sml-layout":"","ast-disable-related-posts":"","theme-transparent-header-meta":"default","adv-header-id-meta":"","stick-header-meta":"","header-above-stick-meta":"","header-main-stick-meta":"","header-below-stick-meta":"","astra-migrate-meta-layouts":"set","ast-page-background-enabled":"default","ast-page-background-meta":{"desktop":{"background-color":"","background-image":"","background-repeat":"repeat","background-position":"center center","background-size":"auto","background-attachment":"scroll","background-type":"","background-media":"","overlay-type":"","overlay-color":"","overlay-opacity":"","overlay-gradient":""},"tablet":{"background-color":"","background-image":"","background-repeat":"repeat","background-position":"center center","background-size":"auto","background-attachment":"scroll","background-type":"","background-media":"","overlay-type":"","overlay-color":"","overlay-opacity":"","overlay-gradient":""},"mobile":{"background-color":"","background-image":"","background-repeat":"repeat","background-position":"center center","background-size":"auto","background-attachment":"scroll","background-type":"","background-media":"","overlay-type":"","overlay-color":"","overlay-opacity":"","overlay-gradient":""}},"ast-content-background-meta":{"desktop":{"background-color":"var(--ast-global-color-5)","background-image":"","background-repeat":"repeat","background-position":"center center","background-size":"auto","background-attachment":"scroll","background-type":"","background-media":"","overlay-type":"","overlay-color":"","overlay-opacity":"","overlay-gradient":""},"tablet":{"background-color":"var(--ast-global-color-5)","background-image":"","background-repeat":"repeat","background-position":"center center","background-size":"auto","background-attachment":"scroll","background-type":"","background-media":"","overlay-type":"","overlay-color":"","overlay-opacity":"","overlay-gradient":""},"mobile":{"background-color":"var(--ast-global-color-5)","background-image":"","background-repeat":"repeat","background-position":"center center","background-size":"auto","background-attachment":"scroll","background-type":"","background-media":"","overlay-type":"","overlay-color":"","overlay-opacity":"","overlay-gradient":""}}},"product_brand":[],"product_cat":[104],"product_tag":[],"class_list":{"0":"post-7475","1":"product","2":"type-product","3":"status-publish","4":"has-post-thumbnail","6":"product_cat-humidificadores","7":"desktop-align-left","8":"tablet-align-left","9":"mobile-align-left","11":"first","12":"instock","13":"shipping-taxable","14":"purchasable","15":"product-type-simple"},"jetpack_sharing_enabled":true,"_links":{"self":[{"href":"https:\/\/guitarmusichall.com.mx\/shop\/wp-json\/wp\/v2\/product\/7475","targetHints":{"allow":["GET"]}}],"collection":[{"href":"https:\/\/guitarmusichall.com.mx\/shop\/wp-json\/wp\/v2\/product"}],"about":[{"href":"https:\/\/guitarmusichall.com.mx\/shop\/wp-json\/wp\/v2\/types\/product"}],"wp:featuredmedia":[{"embeddable":true,"href":"https:\/\/guitarmusichall.com.mx\/shop\/wp-json\/wp\/v2\/media\/9198"}],"wp:attachment":[{"href":"https:\/\/guitarmusichall.com.mx\/shop\/wp-json\/wp\/v2\/media?parent=7475"}],"wp:term":[{"taxonomy":"product_brand","embeddable":true,"href":"https:\/\/guitarmusichall.com.mx\/shop\/wp-json\/wp\/v2\/product_brand?post=7475"},{"taxonomy":"product_cat","embeddable":true,"href":"https:\/\/guitarmusichall.com.mx\/shop\/wp-json\/wp\/v2\/product_cat?post=7475"},{"taxonomy":"product_tag","embeddable":true,"href":"https:\/\/guitarmusichall.com.mx\/shop\/wp-json\/wp\/v2\/product_tag?post=7475"}],"curies":[{"name":"wp","href":"https:\/\/api.w.org\/{rel}","templated":true}]}}