{"id":748,"date":"2020-08-15T21:04:14","date_gmt":"2020-08-15T21:04:14","guid":{"rendered":"https:\/\/guitarmusichall.com.mx\/shop\/?post_type=product&#038;p=748"},"modified":"2025-12-18T23:26:36","modified_gmt":"2025-12-18T23:26:36","slug":"jackson-x-series-soloist-sl3x-dx-ob","status":"publish","type":"product","link":"https:\/\/guitarmusichall.com.mx\/shop\/producto\/jackson-x-series-soloist-sl3x-dx-ob\/","title":{"rendered":"JACKSON X SERIES SOLOIST SL3X DX OB"},"content":{"rendered":"","protected":false},"excerpt":{"rendered":"<p><strong>DESCRIPCION DEL PRODUCTO<\/strong><\/p>\n<p>Guitarra El\u00e9ctrica Jackson X Series Soloist SL3X DX OB<\/p>\n<p><strong>NUMERO DE PRODUCTO<\/strong><\/p>\n<p>2916342509<\/p>\n<p><strong>CARACTERISTICAS DEL PRODUCTO<\/strong><\/p>\n<p>\u00a1Distintivos y asequibles, los modelos Soloist de la Serie X de Jackson est\u00e1n dise\u00f1ados para brindar velocidad y comodidad! La Serie X Soloist SLX DX es un venerable caballo de batalla de doble corte que ofrece muchas caracter\u00edsticas excelentes que desean las trituradoras de hoy en d\u00eda.<\/p>\n<p>El SLX DX cuenta con un cuerpo de \u00e1lamo, m\u00e1stil de arce que pasa por el cuerpo con refuerzo de grafito y clavijero con junta inclinada hacia atr\u00e1s.\u00a0Con 24 trastes jumbo, su diapas\u00f3n de laurel de radio compuesto completamente encuadernado de 12&#8243;-16&#8243; se curva m\u00e1s dram\u00e1ticamente en la cejilla para facilitar el acorde y se aplana a medida que se acerca a la articulaci\u00f3n del m\u00e1stil para curvas de baja acci\u00f3n sin preocuparse.<\/p>\n<p>El m\u00e1stil Duncan Dise\u00f1ado de alnico HB-103N y las pastillas humbucking de puente HB-103B de cer\u00e1mica de alto rendimiento potencian esta bestia del metal con una voz expansiva cargada con un tono crujiente y con mucho cuerpo, ideal para trabajos solistas descarados o ritmos contundentes. El tono es totalmente personalizable con conmutaci\u00f3n de cuchillas de tres v\u00edas y controles \u00fanicos de volumen y tono, mientras que un sistema de puente de tr\u00e9molo de doble bloqueo Floyd Rose Special proporciona una estabilidad superior de las cuerdas y una acci\u00f3n din\u00e1mica del tr\u00e9molo.<\/p>\n<p>* Cuerpo Poplar<\/p>\n<p>* Brazo Maple<\/p>\n<p>* Diapas\u00f3n Laurel<\/p>\n<p>* Pastillas Duncan Designed HB-103B\u00a0 y 2 Duncan Designed\u2122 HR-101 Hot Rails<\/p>\n<p>* Maquinaria Jackson Sealed Die-Cast<\/p>\n<p>* Neck-Through-Body with Graphite Reinforcement and Scarf Joint<\/p>\n<p>* Puente Floyd Rose Special Double-Locking Tremolo (Recessed)<\/p>\n<p>* Color Oxblood<\/p>\n","protected":false},"featured_media":10265,"template":"","meta":{"site-sidebar-layout":"default","site-content-layout":"default","ast-site-content-layout":"default","site-content-style":"default","site-sidebar-style":"default","ast-global-header-display":"","ast-banner-title-visibility":"","ast-main-header-display":"","ast-hfb-above-header-display":"","ast-hfb-below-header-display":"","ast-hfb-mobile-header-display":"","site-post-title":"","ast-breadcrumbs-content":"","ast-featured-img":"","footer-sml-layout":"","ast-disable-related-posts":"","theme-transparent-header-meta":"default","adv-header-id-meta":"","stick-header-meta":"","header-above-stick-meta":"","header-main-stick-meta":"","header-below-stick-meta":"","astra-migrate-meta-layouts":"set","ast-page-background-enabled":"default","ast-page-background-meta":{"desktop":{"background-color":"","background-image":"","background-repeat":"repeat","background-position":"center center","background-size":"auto","background-attachment":"scroll","background-type":"","background-media":"","overlay-type":"","overlay-color":"","overlay-opacity":"","overlay-gradient":""},"tablet":{"background-color":"","background-image":"","background-repeat":"repeat","background-position":"center center","background-size":"auto","background-attachment":"scroll","background-type":"","background-media":"","overlay-type":"","overlay-color":"","overlay-opacity":"","overlay-gradient":""},"mobile":{"background-color":"","background-image":"","background-repeat":"repeat","background-position":"center center","background-size":"auto","background-attachment":"scroll","background-type":"","background-media":"","overlay-type":"","overlay-color":"","overlay-opacity":"","overlay-gradient":""}},"ast-content-background-meta":{"desktop":{"background-color":"var(--ast-global-color-5)","background-image":"","background-repeat":"repeat","background-position":"center center","background-size":"auto","background-attachment":"scroll","background-type":"","background-media":"","overlay-type":"","overlay-color":"","overlay-opacity":"","overlay-gradient":""},"tablet":{"background-color":"var(--ast-global-color-5)","background-image":"","background-repeat":"repeat","background-position":"center center","background-size":"auto","background-attachment":"scroll","background-type":"","background-media":"","overlay-type":"","overlay-color":"","overlay-opacity":"","overlay-gradient":""},"mobile":{"background-color":"var(--ast-global-color-5)","background-image":"","background-repeat":"repeat","background-position":"center center","background-size":"auto","background-attachment":"scroll","background-type":"","background-media":"","overlay-type":"","overlay-color":"","overlay-opacity":"","overlay-gradient":""}}},"product_brand":[],"product_cat":[18,186],"product_tag":[],"class_list":{"0":"post-748","1":"product","2":"type-product","3":"status-publish","4":"has-post-thumbnail","6":"product_cat-guitarra-electrica","7":"product_cat-jackson","8":"product_shipping_class-producto-premium","9":"desktop-align-left","10":"tablet-align-left","11":"mobile-align-left","13":"first","14":"instock","15":"shipping-taxable","16":"purchasable","17":"product-type-simple"},"jetpack_sharing_enabled":true,"_links":{"self":[{"href":"https:\/\/guitarmusichall.com.mx\/shop\/wp-json\/wp\/v2\/product\/748","targetHints":{"allow":["GET"]}}],"collection":[{"href":"https:\/\/guitarmusichall.com.mx\/shop\/wp-json\/wp\/v2\/product"}],"about":[{"href":"https:\/\/guitarmusichall.com.mx\/shop\/wp-json\/wp\/v2\/types\/product"}],"wp:featuredmedia":[{"embeddable":true,"href":"https:\/\/guitarmusichall.com.mx\/shop\/wp-json\/wp\/v2\/media\/10265"}],"wp:attachment":[{"href":"https:\/\/guitarmusichall.com.mx\/shop\/wp-json\/wp\/v2\/media?parent=748"}],"wp:term":[{"taxonomy":"product_brand","embeddable":true,"href":"https:\/\/guitarmusichall.com.mx\/shop\/wp-json\/wp\/v2\/product_brand?post=748"},{"taxonomy":"product_cat","embeddable":true,"href":"https:\/\/guitarmusichall.com.mx\/shop\/wp-json\/wp\/v2\/product_cat?post=748"},{"taxonomy":"product_tag","embeddable":true,"href":"https:\/\/guitarmusichall.com.mx\/shop\/wp-json\/wp\/v2\/product_tag?post=748"}],"curies":[{"name":"wp","href":"https:\/\/api.w.org\/{rel}","templated":true}]}}