{"id":7577,"date":"2022-08-20T18:40:20","date_gmt":"2022-08-20T18:40:20","guid":{"rendered":"https:\/\/guitarmusichall.com.mx\/shop\/?post_type=product&#038;p=7577"},"modified":"2023-12-26T20:11:20","modified_gmt":"2023-12-26T20:11:20","slug":"ehx-nano-deluxe-memory-man","status":"publish","type":"product","link":"https:\/\/guitarmusichall.com.mx\/shop\/producto\/ehx-nano-deluxe-memory-man\/","title":{"rendered":"EHX NANO DELUXE MEMORY MAN"},"content":{"rendered":"","protected":false},"excerpt":{"rendered":"<p><strong>DESCRIPCION DEL PRODUCTO<\/strong><\/p>\n<p>Pedal Electro-Harmonix Nano Deluxe Memory Man<\/p>\n<p><strong>NUMERO DE PRODUCTO<\/strong><\/p>\n<p>NANODEMEMORYMAN<\/p>\n<p><strong>CARACTERISTICAS DEL PRODUCTO<\/strong><\/p>\n<p>El Nano Deluxe Memory Man ofrece el Delay, el Chorus y el Vibrato anal\u00f3gicos caracter\u00edsticos de EHX, adem\u00e1s de algunas actualizaciones que hemos agregado, incluidas las perillas de velocidad y profundidad para un control de modulaci\u00f3n mejorado. Cuenta con un tiempo de retardo m\u00e1ximo de 550 mS, un interruptor interno accesible para el usuario para activar o desactivar colas de Delay, conmutaci\u00f3n True Bypass cuando la funci\u00f3n de colas est\u00e1 desactivada y viene equipado con una fuente de alimentaci\u00f3n est\u00e1ndar de 9 voltios. Durante m\u00e1s de 44 a\u00f1os, Deluxe Memory Man ha sido el est\u00e1ndar de oro para la modulaci\u00f3n y el Delay anal\u00f3gico. \u00a1Ahora est\u00e1 disponible en un paquete ultracompacto!<\/p>\n<p>* Tiempos de retardo ajustables desde 30 mS hasta 550 mS establecidos por el control Delay<\/p>\n<p>* Control total sobre el n\u00famero de repeticiones de eco hasta la oscilaci\u00f3n fuera de control con la perilla de retroalimentaci\u00f3n<\/p>\n<p>* Ganancia de entrada ajustable a trav\u00e9s de la perilla de nivel<\/p>\n<p>* Un LED de sobrecarga que se enciende cuando la se\u00f1al que ingresa al bloque de retardo anal\u00f3gico es demasiado<br \/>\nalta efectos de tipo vibrato y Chorus<br \/>\n* Rate controla la velocidad de modulaci\u00f3n<br \/>\n* Tails Switch que establece si los ecos decaen naturalmente cuando el pedal se cambia a bypass o si se silencian instant\u00e1neamente<\/p>\n","protected":false},"featured_media":7578,"template":"","meta":{"site-sidebar-layout":"default","site-content-layout":"default","ast-site-content-layout":"default","site-content-style":"default","site-sidebar-style":"default","ast-global-header-display":"","ast-banner-title-visibility":"","ast-main-header-display":"","ast-hfb-above-header-display":"","ast-hfb-below-header-display":"","ast-hfb-mobile-header-display":"","site-post-title":"","ast-breadcrumbs-content":"","ast-featured-img":"","footer-sml-layout":"","ast-disable-related-posts":"","theme-transparent-header-meta":"default","adv-header-id-meta":"","stick-header-meta":"","header-above-stick-meta":"","header-main-stick-meta":"","header-below-stick-meta":"","astra-migrate-meta-layouts":"default","ast-page-background-enabled":"default","ast-page-background-meta":{"desktop":{"background-color":"","background-image":"","background-repeat":"repeat","background-position":"center center","background-size":"auto","background-attachment":"scroll","background-type":"","background-media":"","overlay-type":"","overlay-color":"","overlay-opacity":"","overlay-gradient":""},"tablet":{"background-color":"","background-image":"","background-repeat":"repeat","background-position":"center center","background-size":"auto","background-attachment":"scroll","background-type":"","background-media":"","overlay-type":"","overlay-color":"","overlay-opacity":"","overlay-gradient":""},"mobile":{"background-color":"","background-image":"","background-repeat":"repeat","background-position":"center center","background-size":"auto","background-attachment":"scroll","background-type":"","background-media":"","overlay-type":"","overlay-color":"","overlay-opacity":"","overlay-gradient":""}},"ast-content-background-meta":{"desktop":{"background-color":"var(--ast-global-color-5)","background-image":"","background-repeat":"repeat","background-position":"center center","background-size":"auto","background-attachment":"scroll","background-type":"","background-media":"","overlay-type":"","overlay-color":"","overlay-opacity":"","overlay-gradient":""},"tablet":{"background-color":"var(--ast-global-color-5)","background-image":"","background-repeat":"repeat","background-position":"center center","background-size":"auto","background-attachment":"scroll","background-type":"","background-media":"","overlay-type":"","overlay-color":"","overlay-opacity":"","overlay-gradient":""},"mobile":{"background-color":"var(--ast-global-color-5)","background-image":"","background-repeat":"repeat","background-position":"center center","background-size":"auto","background-attachment":"scroll","background-type":"","background-media":"","overlay-type":"","overlay-color":"","overlay-opacity":"","overlay-gradient":""}}},"product_brand":[],"product_cat":[36,153],"product_tag":[],"class_list":{"0":"post-7577","1":"product","2":"type-product","3":"status-publish","4":"has-post-thumbnail","6":"product_cat-electro-harmonix","7":"product_cat-electro-harmonix-guit","8":"desktop-align-left","9":"tablet-align-left","10":"mobile-align-left","12":"first","13":"outofstock","14":"shipping-taxable","15":"purchasable","16":"product-type-simple"},"jetpack_sharing_enabled":true,"_links":{"self":[{"href":"https:\/\/guitarmusichall.com.mx\/shop\/wp-json\/wp\/v2\/product\/7577","targetHints":{"allow":["GET"]}}],"collection":[{"href":"https:\/\/guitarmusichall.com.mx\/shop\/wp-json\/wp\/v2\/product"}],"about":[{"href":"https:\/\/guitarmusichall.com.mx\/shop\/wp-json\/wp\/v2\/types\/product"}],"wp:featuredmedia":[{"embeddable":true,"href":"https:\/\/guitarmusichall.com.mx\/shop\/wp-json\/wp\/v2\/media\/7578"}],"wp:attachment":[{"href":"https:\/\/guitarmusichall.com.mx\/shop\/wp-json\/wp\/v2\/media?parent=7577"}],"wp:term":[{"taxonomy":"product_brand","embeddable":true,"href":"https:\/\/guitarmusichall.com.mx\/shop\/wp-json\/wp\/v2\/product_brand?post=7577"},{"taxonomy":"product_cat","embeddable":true,"href":"https:\/\/guitarmusichall.com.mx\/shop\/wp-json\/wp\/v2\/product_cat?post=7577"},{"taxonomy":"product_tag","embeddable":true,"href":"https:\/\/guitarmusichall.com.mx\/shop\/wp-json\/wp\/v2\/product_tag?post=7577"}],"curies":[{"name":"wp","href":"https:\/\/api.w.org\/{rel}","templated":true}]}}