{"id":8370,"date":"2023-02-20T22:57:38","date_gmt":"2023-02-20T22:57:38","guid":{"rendered":"https:\/\/guitarmusichall.com.mx\/shop\/?post_type=product&#038;p=8370"},"modified":"2025-07-08T23:10:12","modified_gmt":"2025-07-08T23:10:12","slug":"ehx-slap-back-echo","status":"publish","type":"product","link":"https:\/\/guitarmusichall.com.mx\/shop\/producto\/ehx-slap-back-echo\/","title":{"rendered":"EHX SLAP-BACK ECHO"},"content":{"rendered":"","protected":false},"excerpt":{"rendered":"<p><strong>DESCRIPCION DEL PRODUCTO<\/strong><\/p>\n<p>Pedal Electro-Harmonix Slap Back Echo<\/p>\n<p><strong>NUMERO DE PRODUCTO<\/strong><\/p>\n<p>SLAPBACK<\/p>\n<p><strong>CARACTERISTICAS DEL PRODUCTO<\/strong><\/p>\n<p>El pedal Electro-Harmonix Slap-Back Echo, una rareza de finales de la d\u00e9cada de 1970, se reedita con actualizaciones modernas y una huella de Pico!<\/p>\n<p>La era de los a\u00f1os 50 dio origen a un sonido ic\u00f3nico en el que se utiliz\u00f3 un solo retraso corto para agregar profundidad y efecto r\u00edtmico en innumerables grabaciones. El nuevo dise\u00f1o totalmente anal\u00f3gico reeditado del EHX Slap-Back Echo ofrece este amado sonido cl\u00e1sico y m\u00e1s en un paquete apto para pedaleras del tama\u00f1o de Pico. Con tres configuraciones de tiempo de retardo y hasta +20dB de impulso, el Slap-Back Echo puede lograr sutiles efectos de duplicaci\u00f3n de reflejos intensos en el ba\u00f1o, todo con el sabor distintivo de los circuitos de brigada de baldes (BBD).<\/p>\n<p>Ubicado en el chasis del tama\u00f1o de Pico de EHX, el Slap-Back Echo presenta perillas de ganancia y mezcla, as\u00ed como un interruptor de tiempo. La perilla de ganancia controla la se\u00f1al de entrada antes del circuito de eco y tambi\u00e9n ajusta el volumen general en la salida con un impulso de hasta +20dB. La perilla Blend mezcla la se\u00f1al seca y la se\u00f1al de eco de 100 % seca a 100 % de eco. El interruptor de tiempo selecciona entre tres tiempos de retardo diferentes: 45 ms, 65 ms y 100 ms.<\/p>\n<p>* Perillas independientes de ganancia y mezcla<br \/>\n* Interruptor de tiempo con tiempos de retardo de 45ms, 65ms y 100ms<br \/>\n* Hasta 20dB de realce<br \/>\n*True-Bypass<\/p>\n","protected":false},"featured_media":8371,"template":"","meta":{"site-sidebar-layout":"default","site-content-layout":"default","ast-site-content-layout":"default","site-content-style":"default","site-sidebar-style":"default","ast-global-header-display":"","ast-banner-title-visibility":"","ast-main-header-display":"","ast-hfb-above-header-display":"","ast-hfb-below-header-display":"","ast-hfb-mobile-header-display":"","site-post-title":"","ast-breadcrumbs-content":"","ast-featured-img":"","footer-sml-layout":"","ast-disable-related-posts":"","theme-transparent-header-meta":"default","adv-header-id-meta":"","stick-header-meta":"","header-above-stick-meta":"","header-main-stick-meta":"","header-below-stick-meta":"","astra-migrate-meta-layouts":"set","ast-page-background-enabled":"default","ast-page-background-meta":{"desktop":{"background-color":"","background-image":"","background-repeat":"repeat","background-position":"center center","background-size":"auto","background-attachment":"scroll","background-type":"","background-media":"","overlay-type":"","overlay-color":"","overlay-opacity":"","overlay-gradient":""},"tablet":{"background-color":"","background-image":"","background-repeat":"repeat","background-position":"center center","background-size":"auto","background-attachment":"scroll","background-type":"","background-media":"","overlay-type":"","overlay-color":"","overlay-opacity":"","overlay-gradient":""},"mobile":{"background-color":"","background-image":"","background-repeat":"repeat","background-position":"center center","background-size":"auto","background-attachment":"scroll","background-type":"","background-media":"","overlay-type":"","overlay-color":"","overlay-opacity":"","overlay-gradient":""}},"ast-content-background-meta":{"desktop":{"background-color":"var(--ast-global-color-5)","background-image":"","background-repeat":"repeat","background-position":"center center","background-size":"auto","background-attachment":"scroll","background-type":"","background-media":"","overlay-type":"","overlay-color":"","overlay-opacity":"","overlay-gradient":""},"tablet":{"background-color":"var(--ast-global-color-5)","background-image":"","background-repeat":"repeat","background-position":"center center","background-size":"auto","background-attachment":"scroll","background-type":"","background-media":"","overlay-type":"","overlay-color":"","overlay-opacity":"","overlay-gradient":""},"mobile":{"background-color":"var(--ast-global-color-5)","background-image":"","background-repeat":"repeat","background-position":"center center","background-size":"auto","background-attachment":"scroll","background-type":"","background-media":"","overlay-type":"","overlay-color":"","overlay-opacity":"","overlay-gradient":""}}},"product_brand":[],"product_cat":[36,153],"product_tag":[],"class_list":{"0":"post-8370","1":"product","2":"type-product","3":"status-publish","4":"has-post-thumbnail","6":"product_cat-electro-harmonix","7":"product_cat-electro-harmonix-guit","8":"desktop-align-left","9":"tablet-align-left","10":"mobile-align-left","12":"first","13":"instock","14":"shipping-taxable","15":"purchasable","16":"product-type-simple"},"jetpack_sharing_enabled":true,"_links":{"self":[{"href":"https:\/\/guitarmusichall.com.mx\/shop\/wp-json\/wp\/v2\/product\/8370","targetHints":{"allow":["GET"]}}],"collection":[{"href":"https:\/\/guitarmusichall.com.mx\/shop\/wp-json\/wp\/v2\/product"}],"about":[{"href":"https:\/\/guitarmusichall.com.mx\/shop\/wp-json\/wp\/v2\/types\/product"}],"wp:featuredmedia":[{"embeddable":true,"href":"https:\/\/guitarmusichall.com.mx\/shop\/wp-json\/wp\/v2\/media\/8371"}],"wp:attachment":[{"href":"https:\/\/guitarmusichall.com.mx\/shop\/wp-json\/wp\/v2\/media?parent=8370"}],"wp:term":[{"taxonomy":"product_brand","embeddable":true,"href":"https:\/\/guitarmusichall.com.mx\/shop\/wp-json\/wp\/v2\/product_brand?post=8370"},{"taxonomy":"product_cat","embeddable":true,"href":"https:\/\/guitarmusichall.com.mx\/shop\/wp-json\/wp\/v2\/product_cat?post=8370"},{"taxonomy":"product_tag","embeddable":true,"href":"https:\/\/guitarmusichall.com.mx\/shop\/wp-json\/wp\/v2\/product_tag?post=8370"}],"curies":[{"name":"wp","href":"https:\/\/api.w.org\/{rel}","templated":true}]}}