{"id":8485,"date":"2023-05-17T23:11:34","date_gmt":"2023-05-17T23:11:34","guid":{"rendered":"https:\/\/guitarmusichall.com.mx\/shop\/?post_type=product&#038;p=8485"},"modified":"2023-06-14T18:28:40","modified_gmt":"2023-06-14T18:28:40","slug":"ehx-hell-melter-distortion","status":"publish","type":"product","link":"https:\/\/guitarmusichall.com.mx\/shop\/producto\/ehx-hell-melter-distortion\/","title":{"rendered":"EHX HELL MELTER DISTORTION"},"content":{"rendered":"","protected":false},"excerpt":{"rendered":"<p><strong>DESCRIPCION DEL PRODUCTO<\/strong><\/p>\n<p>Pedal Electro-Harmonix Hell Melter Distortion<\/p>\n<p><strong>NUMERO DE PRODUCTO<\/strong><\/p>\n<p>HELLMELTER<\/p>\n<p><strong>CARACTERISTICAS DEL PRODUCTO<\/strong><\/p>\n<p>Con su versi\u00f3n del pedal de distorsi\u00f3n de motosierra cl\u00e1sico de culto, el EHX Hell Melter lleva la distorsi\u00f3n a sus extremos. El Hell Melter presenta controles ampliados y capacidades tonales, lo que permite que el sonido del pedal que ya est\u00e1 en tu cara se ampl\u00ede al cambiar a opciones de recorte m\u00e1s abiertas y aumentar el voltaje interno para aumentar el headroom, menos compresi\u00f3n y m\u00e1s ataque.<\/p>\n<p>Originalmente dise\u00f1ado como lo \u00faltimo en tonos de alta ganancia, este circuito de distorsi\u00f3n de fama mundial es conocido por los sonidos de death metal de Entombed de Suecia y el lavado de zapatos de My Bloody Valentine. \u00a1Incluso ha encontrado un hogar en la plataforma de David Gilmour!<\/p>\n<p>Circuito cl\u00e1sico de heavy metal con controles ampliados<\/p>\n<p>* Mayor volumen de salida general<\/p>\n<p>* Active EQ controla la expansi\u00f3n con control param\u00e9trico MIDS<\/p>\n<p>* Puerta de ruido (Gate) y control de nivel seco (DRY LVL)<\/p>\n<p>* Modos NORM y BURN<\/p>\n<p>* Secci\u00f3n de realce conmutable por pedal<\/p>\n<p>* Perillas de nivel y distorsi\u00f3n independientes<\/p>\n<p>* Fuente de alimentaci\u00f3n de 9V incluida<\/p>\n","protected":false},"featured_media":8486,"template":"","meta":{"site-sidebar-layout":"default","site-content-layout":"default","ast-site-content-layout":"default","site-content-style":"default","site-sidebar-style":"default","ast-global-header-display":"","ast-banner-title-visibility":"","ast-main-header-display":"","ast-hfb-above-header-display":"","ast-hfb-below-header-display":"","ast-hfb-mobile-header-display":"","site-post-title":"","ast-breadcrumbs-content":"","ast-featured-img":"","footer-sml-layout":"","ast-disable-related-posts":"","theme-transparent-header-meta":"default","adv-header-id-meta":"","stick-header-meta":"","header-above-stick-meta":"","header-main-stick-meta":"","header-below-stick-meta":"","astra-migrate-meta-layouts":"default","ast-page-background-enabled":"default","ast-page-background-meta":{"desktop":{"background-color":"","background-image":"","background-repeat":"repeat","background-position":"center center","background-size":"auto","background-attachment":"scroll","background-type":"","background-media":"","overlay-type":"","overlay-color":"","overlay-opacity":"","overlay-gradient":""},"tablet":{"background-color":"","background-image":"","background-repeat":"repeat","background-position":"center center","background-size":"auto","background-attachment":"scroll","background-type":"","background-media":"","overlay-type":"","overlay-color":"","overlay-opacity":"","overlay-gradient":""},"mobile":{"background-color":"","background-image":"","background-repeat":"repeat","background-position":"center center","background-size":"auto","background-attachment":"scroll","background-type":"","background-media":"","overlay-type":"","overlay-color":"","overlay-opacity":"","overlay-gradient":""}},"ast-content-background-meta":{"desktop":{"background-color":"var(--ast-global-color-5)","background-image":"","background-repeat":"repeat","background-position":"center center","background-size":"auto","background-attachment":"scroll","background-type":"","background-media":"","overlay-type":"","overlay-color":"","overlay-opacity":"","overlay-gradient":""},"tablet":{"background-color":"var(--ast-global-color-5)","background-image":"","background-repeat":"repeat","background-position":"center center","background-size":"auto","background-attachment":"scroll","background-type":"","background-media":"","overlay-type":"","overlay-color":"","overlay-opacity":"","overlay-gradient":""},"mobile":{"background-color":"var(--ast-global-color-5)","background-image":"","background-repeat":"repeat","background-position":"center center","background-size":"auto","background-attachment":"scroll","background-type":"","background-media":"","overlay-type":"","overlay-color":"","overlay-opacity":"","overlay-gradient":""}}},"product_brand":[],"product_cat":[36,153],"product_tag":[],"class_list":{"0":"post-8485","1":"product","2":"type-product","3":"status-publish","4":"has-post-thumbnail","6":"product_cat-electro-harmonix","7":"product_cat-electro-harmonix-guit","8":"desktop-align-left","9":"tablet-align-left","10":"mobile-align-left","12":"first","13":"instock","14":"shipping-taxable","15":"purchasable","16":"product-type-simple"},"jetpack_sharing_enabled":true,"_links":{"self":[{"href":"https:\/\/guitarmusichall.com.mx\/shop\/wp-json\/wp\/v2\/product\/8485","targetHints":{"allow":["GET"]}}],"collection":[{"href":"https:\/\/guitarmusichall.com.mx\/shop\/wp-json\/wp\/v2\/product"}],"about":[{"href":"https:\/\/guitarmusichall.com.mx\/shop\/wp-json\/wp\/v2\/types\/product"}],"wp:featuredmedia":[{"embeddable":true,"href":"https:\/\/guitarmusichall.com.mx\/shop\/wp-json\/wp\/v2\/media\/8486"}],"wp:attachment":[{"href":"https:\/\/guitarmusichall.com.mx\/shop\/wp-json\/wp\/v2\/media?parent=8485"}],"wp:term":[{"taxonomy":"product_brand","embeddable":true,"href":"https:\/\/guitarmusichall.com.mx\/shop\/wp-json\/wp\/v2\/product_brand?post=8485"},{"taxonomy":"product_cat","embeddable":true,"href":"https:\/\/guitarmusichall.com.mx\/shop\/wp-json\/wp\/v2\/product_cat?post=8485"},{"taxonomy":"product_tag","embeddable":true,"href":"https:\/\/guitarmusichall.com.mx\/shop\/wp-json\/wp\/v2\/product_tag?post=8485"}],"curies":[{"name":"wp","href":"https:\/\/api.w.org\/{rel}","templated":true}]}}