{"id":8637,"date":"2023-10-25T21:02:34","date_gmt":"2023-10-25T21:02:34","guid":{"rendered":"https:\/\/guitarmusichall.com.mx\/shop\/?post_type=product&#038;p=8637"},"modified":"2025-03-19T21:06:03","modified_gmt":"2025-03-19T21:06:03","slug":"ehx-pico-canyon-digital-delay","status":"publish","type":"product","link":"https:\/\/guitarmusichall.com.mx\/shop\/producto\/ehx-pico-canyon-digital-delay\/","title":{"rendered":"EHX PICO CANYON DIGITAL DELAY"},"content":{"rendered":"","protected":false},"excerpt":{"rendered":"<p><strong>DESCRIPCION DEL PRODUCTO<\/strong><\/p>\n<p>Pedal Electro-Harmonix Pico Canyon Digital Delay<\/p>\n<p><strong>NUMERO DE PRODUCTO<\/strong><\/p>\n<p>PICOCANYON<\/p>\n<p><strong>CARACTERISTICAS DEL PRODUCTO<\/strong><\/p>\n<p><span>El EHX Pico Canyon Echo es un producto de Electro-Harmonix que toma el digital delay de los galardonados Canyon Delay y Looper y lo presenta como una unidad de eco de una sola porci\u00f3n. Comenzando con un retardo n\u00edtido, el Canyon Echo es un retardo dulcemente simple con 3 segundos de tiempo de retardo.\u00a0No dejes que el tama\u00f1o te enga\u00f1e, \u00a1este ca\u00f1\u00f3n es profundo!\u00a0Agregue filtrado, tap tempo y una perilla de retroalimentaci\u00f3n capaz de realizar repeticiones infinitas y este peque\u00f1o eco estar\u00e1 a la altura de la mayor\u00eda de las tareas de flexi\u00f3n de tiempo.<\/span><\/p>\n<p><span>* Chasis Pico compacto<\/span><\/p>\n<p><span>* Delay digital de Canyon Delay y Looper<\/span><\/p>\n<p><span>* BLEND controla la mezcla h\u00fameda\/seca<\/span><\/p>\n<p><span>* DELAY ajusta el tiempo de retardo de 8 ms a 3 s<\/span><\/p>\n<p><span>* FEEDBACK se ajusta de 1 repetici\u00f3n a infinita<\/span><\/p>\n<p><span>* Filtra frecuencias bajas o altas atenuadas de se\u00f1al retardada<\/span><\/p>\n<p><span>* Tap Tempo con 3 modos de divisi\u00f3n de tap<\/span><\/p>\n<p><span>* La derivaci\u00f3n de colas seleccionable permite que los ecos contin\u00faen despu\u00e9s de omitir el pedal<\/span><\/p>\n<p><span>* La funci\u00f3n Infinite REPETITS repite una sola repetici\u00f3n de retardo que puede ser manipulada por la perilla DELAY<\/span><\/p>\n<p><span>* Adaptador de corriente incluido<\/span><\/p>\n","protected":false},"featured_media":8638,"template":"","meta":{"site-sidebar-layout":"default","site-content-layout":"","ast-site-content-layout":"default","site-content-style":"default","site-sidebar-style":"default","ast-global-header-display":"","ast-banner-title-visibility":"","ast-main-header-display":"","ast-hfb-above-header-display":"","ast-hfb-below-header-display":"","ast-hfb-mobile-header-display":"","site-post-title":"","ast-breadcrumbs-content":"","ast-featured-img":"","footer-sml-layout":"","ast-disable-related-posts":"","theme-transparent-header-meta":"default","adv-header-id-meta":"","stick-header-meta":"","header-above-stick-meta":"","header-main-stick-meta":"","header-below-stick-meta":"","astra-migrate-meta-layouts":"set","ast-page-background-enabled":"default","ast-page-background-meta":{"desktop":{"background-color":"","background-image":"","background-repeat":"repeat","background-position":"center center","background-size":"auto","background-attachment":"scroll","background-type":"","background-media":"","overlay-type":"","overlay-color":"","overlay-opacity":"","overlay-gradient":""},"tablet":{"background-color":"","background-image":"","background-repeat":"repeat","background-position":"center center","background-size":"auto","background-attachment":"scroll","background-type":"","background-media":"","overlay-type":"","overlay-color":"","overlay-opacity":"","overlay-gradient":""},"mobile":{"background-color":"","background-image":"","background-repeat":"repeat","background-position":"center center","background-size":"auto","background-attachment":"scroll","background-type":"","background-media":"","overlay-type":"","overlay-color":"","overlay-opacity":"","overlay-gradient":""}},"ast-content-background-meta":{"desktop":{"background-color":"var(--ast-global-color-5)","background-image":"","background-repeat":"repeat","background-position":"center center","background-size":"auto","background-attachment":"scroll","background-type":"","background-media":"","overlay-type":"","overlay-color":"","overlay-opacity":"","overlay-gradient":""},"tablet":{"background-color":"var(--ast-global-color-5)","background-image":"","background-repeat":"repeat","background-position":"center center","background-size":"auto","background-attachment":"scroll","background-type":"","background-media":"","overlay-type":"","overlay-color":"","overlay-opacity":"","overlay-gradient":""},"mobile":{"background-color":"var(--ast-global-color-5)","background-image":"","background-repeat":"repeat","background-position":"center center","background-size":"auto","background-attachment":"scroll","background-type":"","background-media":"","overlay-type":"","overlay-color":"","overlay-opacity":"","overlay-gradient":""}}},"product_brand":[],"product_cat":[36,153],"product_tag":[],"class_list":{"0":"post-8637","1":"product","2":"type-product","3":"status-publish","4":"has-post-thumbnail","6":"product_cat-electro-harmonix","7":"product_cat-electro-harmonix-guit","8":"desktop-align-left","9":"tablet-align-left","10":"mobile-align-left","12":"first","13":"instock","14":"shipping-taxable","15":"purchasable","16":"product-type-simple"},"jetpack_sharing_enabled":true,"_links":{"self":[{"href":"https:\/\/guitarmusichall.com.mx\/shop\/wp-json\/wp\/v2\/product\/8637","targetHints":{"allow":["GET"]}}],"collection":[{"href":"https:\/\/guitarmusichall.com.mx\/shop\/wp-json\/wp\/v2\/product"}],"about":[{"href":"https:\/\/guitarmusichall.com.mx\/shop\/wp-json\/wp\/v2\/types\/product"}],"wp:featuredmedia":[{"embeddable":true,"href":"https:\/\/guitarmusichall.com.mx\/shop\/wp-json\/wp\/v2\/media\/8638"}],"wp:attachment":[{"href":"https:\/\/guitarmusichall.com.mx\/shop\/wp-json\/wp\/v2\/media?parent=8637"}],"wp:term":[{"taxonomy":"product_brand","embeddable":true,"href":"https:\/\/guitarmusichall.com.mx\/shop\/wp-json\/wp\/v2\/product_brand?post=8637"},{"taxonomy":"product_cat","embeddable":true,"href":"https:\/\/guitarmusichall.com.mx\/shop\/wp-json\/wp\/v2\/product_cat?post=8637"},{"taxonomy":"product_tag","embeddable":true,"href":"https:\/\/guitarmusichall.com.mx\/shop\/wp-json\/wp\/v2\/product_tag?post=8637"}],"curies":[{"name":"wp","href":"https:\/\/api.w.org\/{rel}","templated":true}]}}