{"id":9126,"date":"2024-10-24T00:08:07","date_gmt":"2024-10-24T00:08:07","guid":{"rendered":"https:\/\/guitarmusichall.com.mx\/shop\/?post_type=product&#038;p=9126"},"modified":"2024-11-07T18:27:35","modified_gmt":"2024-11-07T18:27:35","slug":"emg-set-sa-sa-81-black","status":"publish","type":"product","link":"https:\/\/guitarmusichall.com.mx\/shop\/producto\/emg-set-sa-sa-81-black\/","title":{"rendered":"EMG SET SA\/SA\/81 BLACK"},"content":{"rendered":"","protected":false},"excerpt":{"rendered":"<p><strong>DESCRIPCION DEL PRODUCTO<\/strong><\/p>\n<p>Set de Pastillas EMG SA\/SA\/81Black<\/p>\n<p><strong>NUMERO DE PRODUCTO<\/strong><\/p>\n<p>SA\/SA\/81BLACK<\/p>\n<p><strong>CARACTERISTICAS DEL PRODUCTO<\/strong><\/p>\n<p>A principios de los 80, la incorporaci\u00f3n de una pastilla humbucker a una Strat\u2122 se convirti\u00f3 en una tendencia popular. El SA\/SA\/81 combina dos de las pastillas EMG m\u00e1s queridas con la cl\u00e1sica 81 y dos pastillas single coil cargadas con Alnico V para lograr una combinaci\u00f3n agresiva en el puente y suave pero articulada en las posiciones central y del m\u00e1stil.<\/p>\n<p>Este set incluye un interruptor de 5 posiciones sin soldadura y el sistema de cableado sin soldadura de EMG, por lo que puedes cambiar tus pastillas f\u00e1cilmente en cualquier momento sin necesidad de soldar.<\/p>\n<p>El paquete incluye el sistema de instalaci\u00f3n sin soldadura exclusivo de EMG:<\/p>\n<p>1 potenci\u00f3metro de volumen de 25k<br \/>\n2 potenci\u00f3metros de tono de 25k<br \/>\n1 conector de salida est\u00e9reo<br \/>\n1 interruptor selector de 5 posiciones<br \/>\n3 pares de tornillos y resortes de montaje<br \/>\n3 cables de captaci\u00f3n<br \/>\n3 cables de conexi\u00f3n<br \/>\n1 cable de salida<br \/>\n1 cable de bater\u00eda<\/p>\n","protected":false},"featured_media":9127,"template":"","meta":{"site-sidebar-layout":"default","site-content-layout":"","ast-site-content-layout":"default","site-content-style":"default","site-sidebar-style":"default","ast-global-header-display":"","ast-banner-title-visibility":"","ast-main-header-display":"","ast-hfb-above-header-display":"","ast-hfb-below-header-display":"","ast-hfb-mobile-header-display":"","site-post-title":"","ast-breadcrumbs-content":"","ast-featured-img":"","footer-sml-layout":"","ast-disable-related-posts":"","theme-transparent-header-meta":"default","adv-header-id-meta":"","stick-header-meta":"","header-above-stick-meta":"","header-main-stick-meta":"","header-below-stick-meta":"","astra-migrate-meta-layouts":"set","ast-page-background-enabled":"default","ast-page-background-meta":{"desktop":{"background-color":"","background-image":"","background-repeat":"repeat","background-position":"center center","background-size":"auto","background-attachment":"scroll","background-type":"","background-media":"","overlay-type":"","overlay-color":"","overlay-opacity":"","overlay-gradient":""},"tablet":{"background-color":"","background-image":"","background-repeat":"repeat","background-position":"center center","background-size":"auto","background-attachment":"scroll","background-type":"","background-media":"","overlay-type":"","overlay-color":"","overlay-opacity":"","overlay-gradient":""},"mobile":{"background-color":"","background-image":"","background-repeat":"repeat","background-position":"center center","background-size":"auto","background-attachment":"scroll","background-type":"","background-media":"","overlay-type":"","overlay-color":"","overlay-opacity":"","overlay-gradient":""}},"ast-content-background-meta":{"desktop":{"background-color":"var(--ast-global-color-5)","background-image":"","background-repeat":"repeat","background-position":"center center","background-size":"auto","background-attachment":"scroll","background-type":"","background-media":"","overlay-type":"","overlay-color":"","overlay-opacity":"","overlay-gradient":""},"tablet":{"background-color":"var(--ast-global-color-5)","background-image":"","background-repeat":"repeat","background-position":"center center","background-size":"auto","background-attachment":"scroll","background-type":"","background-media":"","overlay-type":"","overlay-color":"","overlay-opacity":"","overlay-gradient":""},"mobile":{"background-color":"var(--ast-global-color-5)","background-image":"","background-repeat":"repeat","background-position":"center center","background-size":"auto","background-attachment":"scroll","background-type":"","background-media":"","overlay-type":"","overlay-color":"","overlay-opacity":"","overlay-gradient":""}}},"product_brand":[],"product_cat":[39,251],"product_tag":[],"class_list":{"0":"post-9126","1":"product","2":"type-product","3":"status-publish","4":"has-post-thumbnail","6":"product_cat-emg","7":"product_cat-emg-electrica","8":"desktop-align-left","9":"tablet-align-left","10":"mobile-align-left","12":"first","13":"instock","14":"shipping-taxable","15":"purchasable","16":"product-type-simple"},"jetpack_sharing_enabled":true,"_links":{"self":[{"href":"https:\/\/guitarmusichall.com.mx\/shop\/wp-json\/wp\/v2\/product\/9126","targetHints":{"allow":["GET"]}}],"collection":[{"href":"https:\/\/guitarmusichall.com.mx\/shop\/wp-json\/wp\/v2\/product"}],"about":[{"href":"https:\/\/guitarmusichall.com.mx\/shop\/wp-json\/wp\/v2\/types\/product"}],"wp:featuredmedia":[{"embeddable":true,"href":"https:\/\/guitarmusichall.com.mx\/shop\/wp-json\/wp\/v2\/media\/9127"}],"wp:attachment":[{"href":"https:\/\/guitarmusichall.com.mx\/shop\/wp-json\/wp\/v2\/media?parent=9126"}],"wp:term":[{"taxonomy":"product_brand","embeddable":true,"href":"https:\/\/guitarmusichall.com.mx\/shop\/wp-json\/wp\/v2\/product_brand?post=9126"},{"taxonomy":"product_cat","embeddable":true,"href":"https:\/\/guitarmusichall.com.mx\/shop\/wp-json\/wp\/v2\/product_cat?post=9126"},{"taxonomy":"product_tag","embeddable":true,"href":"https:\/\/guitarmusichall.com.mx\/shop\/wp-json\/wp\/v2\/product_tag?post=9126"}],"curies":[{"name":"wp","href":"https:\/\/api.w.org\/{rel}","templated":true}]}}