{"id":9137,"date":"2024-10-24T23:06:31","date_gmt":"2024-10-24T23:06:31","guid":{"rendered":"https:\/\/guitarmusichall.com.mx\/shop\/?post_type=product&#038;p=9137"},"modified":"2024-11-07T18:26:57","modified_gmt":"2024-11-07T18:26:57","slug":"emg-85x-brushed-black-chrome","status":"publish","type":"product","link":"https:\/\/guitarmusichall.com.mx\/shop\/producto\/emg-85x-brushed-black-chrome\/","title":{"rendered":"EMG 85X BRUSHED BLACK CHROME"},"content":{"rendered":"","protected":false},"excerpt":{"rendered":"<p><strong>DESCRIPCION DEL PRODUCTO<\/strong><\/p>\n<p>Pastilla EMG 85X Brushed Black Chrome<\/p>\n<p><strong>NUMERO DE PRODUCTO<\/strong><\/p>\n<p>85XBRUSHEDBCH<\/p>\n<p><strong>CARACTERISTICAS DEL PRODUCTO<\/strong><\/p>\n<p>La 85X tiene una voz org\u00e1nica y abierta gracias al espacio libre adicional y la respuesta conocidos por la serie X de EMG. Con bobinas de apertura cerrada cargadas con imanes Alnico V, la 85X es una pastilla de guitarra potente con un tono y una versatilidad excepcionales. Los imanes Alnico de este modelo proporcionan un gru\u00f1ido musculoso y tonos principales suaves que te permiten tocar de todo, desde el blues hasta el metal m\u00e1s extremo.<\/p>\n<p>Aunque a menudo se usa en la posici\u00f3n del m\u00e1stil, no te equivoques, la EMG 85X suena genial como humbucker de puente gracias a su suavidad y alma excepcionales. Esta pastilla combina bien con casi todas las dem\u00e1s pastillas de nuestra l\u00ednea y, al usar nuestro sistema sin soldadura, hace que cambiar de tono sea m\u00e1s f\u00e1cil que nunca.<\/p>\n<p>El preamplificador de la serie X le da a la pastilla un rango m\u00e1s din\u00e1mico junto con un mayor espacio libre mientras mantiene el equilibrio m\u00e1s tradicional de cuerda a cuerda. Las pastillas de la serie X tambi\u00e9n vienen con un control de tono activo (VLPF) dise\u00f1ado para reducir (atenuar) las frecuencias altas, similar a un control de tono pasivo t\u00edpico. El resultado es una pastilla de guitarra silenciosa con un sonido EMG cl\u00e1sico que cierra la brecha entre la pastilla activa y la pasiva.<\/p>\n<p>El paquete incluye el sistema de instalaci\u00f3n sin soldadura exclusivo de EMG:<\/p>\n<p>1 potenci\u00f3metro de volumen de 25k<br \/>\n1 potenci\u00f3metro de tono activo (VLPF)<br \/>\n1 bus de bater\u00eda<br \/>\n1 conector de salida est\u00e9reo<br \/>\n1 bus de entrada\/salida de dos pastillas<br \/>\n1 par de tornillos de montaje y resortes<br \/>\n1 cable de pastilla<br \/>\n2 cables de conexi\u00f3n<br \/>\n1 cable de salida<br \/>\n1 cable de bater\u00eda<\/p>\n","protected":false},"featured_media":9139,"template":"","meta":{"site-sidebar-layout":"default","site-content-layout":"","ast-site-content-layout":"default","site-content-style":"default","site-sidebar-style":"default","ast-global-header-display":"","ast-banner-title-visibility":"","ast-main-header-display":"","ast-hfb-above-header-display":"","ast-hfb-below-header-display":"","ast-hfb-mobile-header-display":"","site-post-title":"","ast-breadcrumbs-content":"","ast-featured-img":"","footer-sml-layout":"","ast-disable-related-posts":"","theme-transparent-header-meta":"default","adv-header-id-meta":"","stick-header-meta":"","header-above-stick-meta":"","header-main-stick-meta":"","header-below-stick-meta":"","astra-migrate-meta-layouts":"set","ast-page-background-enabled":"default","ast-page-background-meta":{"desktop":{"background-color":"","background-image":"","background-repeat":"repeat","background-position":"center center","background-size":"auto","background-attachment":"scroll","background-type":"","background-media":"","overlay-type":"","overlay-color":"","overlay-opacity":"","overlay-gradient":""},"tablet":{"background-color":"","background-image":"","background-repeat":"repeat","background-position":"center center","background-size":"auto","background-attachment":"scroll","background-type":"","background-media":"","overlay-type":"","overlay-color":"","overlay-opacity":"","overlay-gradient":""},"mobile":{"background-color":"","background-image":"","background-repeat":"repeat","background-position":"center center","background-size":"auto","background-attachment":"scroll","background-type":"","background-media":"","overlay-type":"","overlay-color":"","overlay-opacity":"","overlay-gradient":""}},"ast-content-background-meta":{"desktop":{"background-color":"var(--ast-global-color-5)","background-image":"","background-repeat":"repeat","background-position":"center center","background-size":"auto","background-attachment":"scroll","background-type":"","background-media":"","overlay-type":"","overlay-color":"","overlay-opacity":"","overlay-gradient":""},"tablet":{"background-color":"var(--ast-global-color-5)","background-image":"","background-repeat":"repeat","background-position":"center center","background-size":"auto","background-attachment":"scroll","background-type":"","background-media":"","overlay-type":"","overlay-color":"","overlay-opacity":"","overlay-gradient":""},"mobile":{"background-color":"var(--ast-global-color-5)","background-image":"","background-repeat":"repeat","background-position":"center center","background-size":"auto","background-attachment":"scroll","background-type":"","background-media":"","overlay-type":"","overlay-color":"","overlay-opacity":"","overlay-gradient":""}}},"product_brand":[],"product_cat":[39,251],"product_tag":[],"class_list":{"0":"post-9137","1":"product","2":"type-product","3":"status-publish","4":"has-post-thumbnail","6":"product_cat-emg","7":"product_cat-emg-electrica","8":"desktop-align-left","9":"tablet-align-left","10":"mobile-align-left","12":"first","13":"instock","14":"shipping-taxable","15":"purchasable","16":"product-type-simple"},"jetpack_sharing_enabled":true,"_links":{"self":[{"href":"https:\/\/guitarmusichall.com.mx\/shop\/wp-json\/wp\/v2\/product\/9137","targetHints":{"allow":["GET"]}}],"collection":[{"href":"https:\/\/guitarmusichall.com.mx\/shop\/wp-json\/wp\/v2\/product"}],"about":[{"href":"https:\/\/guitarmusichall.com.mx\/shop\/wp-json\/wp\/v2\/types\/product"}],"wp:featuredmedia":[{"embeddable":true,"href":"https:\/\/guitarmusichall.com.mx\/shop\/wp-json\/wp\/v2\/media\/9139"}],"wp:attachment":[{"href":"https:\/\/guitarmusichall.com.mx\/shop\/wp-json\/wp\/v2\/media?parent=9137"}],"wp:term":[{"taxonomy":"product_brand","embeddable":true,"href":"https:\/\/guitarmusichall.com.mx\/shop\/wp-json\/wp\/v2\/product_brand?post=9137"},{"taxonomy":"product_cat","embeddable":true,"href":"https:\/\/guitarmusichall.com.mx\/shop\/wp-json\/wp\/v2\/product_cat?post=9137"},{"taxonomy":"product_tag","embeddable":true,"href":"https:\/\/guitarmusichall.com.mx\/shop\/wp-json\/wp\/v2\/product_tag?post=9137"}],"curies":[{"name":"wp","href":"https:\/\/api.w.org\/{rel}","templated":true}]}}