{"id":9169,"date":"2024-10-25T22:25:25","date_gmt":"2024-10-25T22:25:25","guid":{"rendered":"https:\/\/guitarmusichall.com.mx\/shop\/?post_type=product&#038;p=9169"},"modified":"2024-11-07T18:23:19","modified_gmt":"2024-11-07T18:23:19","slug":"emg-60-red","status":"publish","type":"product","link":"https:\/\/guitarmusichall.com.mx\/shop\/producto\/emg-60-red\/","title":{"rendered":"EMG 60 RED"},"content":{"rendered":"","protected":false},"excerpt":{"rendered":"<p><strong>DESCRIPCION DEL PRODUCTO<\/strong><\/p>\n<p>Pastilla EMG 60 Red<\/p>\n<p><strong>NUMERO DE PRODUCTO<\/strong><\/p>\n<p>60RED<\/p>\n<p><strong>CARACTERISTICAS DEL PRODUCTO<\/strong><\/p>\n<p>El humbucker 60 ofrece una gran potencia con un equilibrio de medios gruesos y potenciados, graves potentes y agudos potentes. Con bobinas de apertura cerrada, similares a un minihumbucker, este modelo produce ricos sobretonos arm\u00f3nicos con mucho sustain. Gracias a sus imanes de cer\u00e1mica, el EMG 60 tiene una respuesta de agudos completa y una gran potencia, ideal para solos de notas individuales bien definidos. El 60 proporciona claridad y car\u00e1cter a tu guitarra y funciona muy bien en la posici\u00f3n del m\u00e1stil. Como todas las pastillas activas de guitarra y bajo EMG, el 60 se instala sin necesidad de un soldador, lo que facilita su instalaci\u00f3n en casa. El humbucker 60 ofrece una gran potencia con un equilibrio de medios gruesos y potenciados, graves potentes y agudos potentes. Con bobinas de apertura cerrada, similares a un minihumbucker, este modelo produce ricos sobretonos arm\u00f3nicos. Gracias a sus imanes de cer\u00e1mica, el EMG 60 tiene una respuesta de agudos completa y una gran potencia, ideal para solos de notas individuales bien definidos. El modelo 60 aporta claridad y car\u00e1cter a tu guitarra y funciona muy bien en la posici\u00f3n del m\u00e1stil.<\/p>\n<p>El paquete incluye el sistema de instalaci\u00f3n sin soldadura exclusivo de EMG:<\/p>\n<p>1 potenci\u00f3metro de volumen de 25k<br \/>\n1 potenci\u00f3metro de tono de 25k<br \/>\n1 bus de bater\u00eda<br \/>\n1 conector de salida est\u00e9reo<br \/>\n1 bus de entrada\/salida de dos pastillas<br \/>\n1 par de tornillos de montaje y resortes<br \/>\n1 cable de pastilla<br \/>\n2 cables de conexi\u00f3n<br \/>\n1 cable de salida<br \/>\n1 cable de bater\u00eda<\/p>\n","protected":false},"featured_media":9170,"template":"","meta":{"site-sidebar-layout":"default","site-content-layout":"","ast-site-content-layout":"default","site-content-style":"default","site-sidebar-style":"default","ast-global-header-display":"","ast-banner-title-visibility":"","ast-main-header-display":"","ast-hfb-above-header-display":"","ast-hfb-below-header-display":"","ast-hfb-mobile-header-display":"","site-post-title":"","ast-breadcrumbs-content":"","ast-featured-img":"","footer-sml-layout":"","ast-disable-related-posts":"","theme-transparent-header-meta":"default","adv-header-id-meta":"","stick-header-meta":"","header-above-stick-meta":"","header-main-stick-meta":"","header-below-stick-meta":"","astra-migrate-meta-layouts":"set","ast-page-background-enabled":"default","ast-page-background-meta":{"desktop":{"background-color":"","background-image":"","background-repeat":"repeat","background-position":"center center","background-size":"auto","background-attachment":"scroll","background-type":"","background-media":"","overlay-type":"","overlay-color":"","overlay-opacity":"","overlay-gradient":""},"tablet":{"background-color":"","background-image":"","background-repeat":"repeat","background-position":"center center","background-size":"auto","background-attachment":"scroll","background-type":"","background-media":"","overlay-type":"","overlay-color":"","overlay-opacity":"","overlay-gradient":""},"mobile":{"background-color":"","background-image":"","background-repeat":"repeat","background-position":"center center","background-size":"auto","background-attachment":"scroll","background-type":"","background-media":"","overlay-type":"","overlay-color":"","overlay-opacity":"","overlay-gradient":""}},"ast-content-background-meta":{"desktop":{"background-color":"var(--ast-global-color-5)","background-image":"","background-repeat":"repeat","background-position":"center center","background-size":"auto","background-attachment":"scroll","background-type":"","background-media":"","overlay-type":"","overlay-color":"","overlay-opacity":"","overlay-gradient":""},"tablet":{"background-color":"var(--ast-global-color-5)","background-image":"","background-repeat":"repeat","background-position":"center center","background-size":"auto","background-attachment":"scroll","background-type":"","background-media":"","overlay-type":"","overlay-color":"","overlay-opacity":"","overlay-gradient":""},"mobile":{"background-color":"var(--ast-global-color-5)","background-image":"","background-repeat":"repeat","background-position":"center center","background-size":"auto","background-attachment":"scroll","background-type":"","background-media":"","overlay-type":"","overlay-color":"","overlay-opacity":"","overlay-gradient":""}}},"product_brand":[],"product_cat":[39,251],"product_tag":[],"class_list":{"0":"post-9169","1":"product","2":"type-product","3":"status-publish","4":"has-post-thumbnail","6":"product_cat-emg","7":"product_cat-emg-electrica","8":"desktop-align-left","9":"tablet-align-left","10":"mobile-align-left","12":"first","13":"instock","14":"shipping-taxable","15":"purchasable","16":"product-type-simple"},"jetpack_sharing_enabled":true,"_links":{"self":[{"href":"https:\/\/guitarmusichall.com.mx\/shop\/wp-json\/wp\/v2\/product\/9169","targetHints":{"allow":["GET"]}}],"collection":[{"href":"https:\/\/guitarmusichall.com.mx\/shop\/wp-json\/wp\/v2\/product"}],"about":[{"href":"https:\/\/guitarmusichall.com.mx\/shop\/wp-json\/wp\/v2\/types\/product"}],"wp:featuredmedia":[{"embeddable":true,"href":"https:\/\/guitarmusichall.com.mx\/shop\/wp-json\/wp\/v2\/media\/9170"}],"wp:attachment":[{"href":"https:\/\/guitarmusichall.com.mx\/shop\/wp-json\/wp\/v2\/media?parent=9169"}],"wp:term":[{"taxonomy":"product_brand","embeddable":true,"href":"https:\/\/guitarmusichall.com.mx\/shop\/wp-json\/wp\/v2\/product_brand?post=9169"},{"taxonomy":"product_cat","embeddable":true,"href":"https:\/\/guitarmusichall.com.mx\/shop\/wp-json\/wp\/v2\/product_cat?post=9169"},{"taxonomy":"product_tag","embeddable":true,"href":"https:\/\/guitarmusichall.com.mx\/shop\/wp-json\/wp\/v2\/product_tag?post=9169"}],"curies":[{"name":"wp","href":"https:\/\/api.w.org\/{rel}","templated":true}]}}