{"id":9392,"date":"2024-11-22T00:30:41","date_gmt":"2024-11-22T00:30:41","guid":{"rendered":"https:\/\/guitarmusichall.com.mx\/shop\/?post_type=product&#038;p=9392"},"modified":"2025-12-22T20:07:22","modified_gmt":"2025-12-22T20:07:22","slug":"fender-funda-guit-elec-checker","status":"publish","type":"product","link":"https:\/\/guitarmusichall.com.mx\/shop\/producto\/fender-funda-guit-elec-checker\/","title":{"rendered":"FENDER FUNDA GUIT ELEC CHECKER"},"content":{"rendered":"","protected":false},"excerpt":{"rendered":"<p><strong>DESCRIPCION DEL PRODUCTO<\/strong><\/p>\n<p>Funda Fender P\/Guitarra el\u00e9ctrica Checker<\/p>\n<p><strong>NUMERO DE PRODUCTO<\/strong><\/p>\n<p>0991512488<\/p>\n<p><strong>CARACTERISTICAS DEL PRODUCTO<\/strong><\/p>\n<p>La funda de transporte Fender F620 Series es una forma elegante y segura de mantener tu guitarra el\u00e9ctrica a salvo mientras viajas. Con la ic\u00f3nica forma asim\u00e9trica de Fender, su duradera capa exterior est\u00e1 fabricada con poli\u00e9ster 600 Denier resistente que protege contra impactos y evita rasgaduras y desgarros. Su interior est\u00e1 relleno con un acolchado de 20 mm forrado con microfibra suave al tacto que mantiene tu instrumento seguro y evita da\u00f1os en el acabado. Incluso viene con protecci\u00f3n para el bot\u00f3n de la correa, un reposacabezas protector y parachoques exteriores para minimizar cualquier tensi\u00f3n en el instrumento mientras est\u00e1 en tr\u00e1nsito. La funda de transporte F620 tambi\u00e9n viene con un asa s\u00faper acolchada y correas ergon\u00f3micas de malla de aire para mochila con hebillas de cierre de escalera f\u00e1cilmente ajustables, para que puedas llevar c\u00f3modamente tu instrumento sin tensi\u00f3n f\u00edsica innecesaria.<\/p>\n<p>Dise\u00f1o de tablero ondulado (cuadros ondulados blancos y negros)<br \/>\nAlgunos elementos de dise\u00f1o var\u00edan de una unidad a otra, por lo que cada funda es \u00fanica.<br \/>\nPoli\u00e9ster de 600 deniers e interior de microfibra suave de 20 mm de espesor.<br \/>\nProtecci\u00f3n para el m\u00e1stil de la guitarra y topes exteriores contra los impactos.<br \/>\nSistema protector del bot\u00f3n de la correa interno\/externo<br \/>\nAsa ergon\u00f3mica con un gran acolchado.<br \/>\nCorreas de mochila ergon\u00f3micas con malla transpirable y hebillas de bloqueo f\u00e1cilmente ajustables<br \/>\nBolsillo frontal con ventana para tarjeta, compartimento para cuerdas de repuesto, bolsillo acolchado extra\u00edble para herramientas, compartimento para p\u00faas y un elemento el\u00e1stico para bol\u00edgrafos.<\/p>\n","protected":false},"featured_media":9397,"template":"","meta":{"site-sidebar-layout":"default","site-content-layout":"","ast-site-content-layout":"default","site-content-style":"default","site-sidebar-style":"default","ast-global-header-display":"","ast-banner-title-visibility":"","ast-main-header-display":"","ast-hfb-above-header-display":"","ast-hfb-below-header-display":"","ast-hfb-mobile-header-display":"","site-post-title":"","ast-breadcrumbs-content":"","ast-featured-img":"","footer-sml-layout":"","ast-disable-related-posts":"","theme-transparent-header-meta":"default","adv-header-id-meta":"","stick-header-meta":"","header-above-stick-meta":"","header-main-stick-meta":"","header-below-stick-meta":"","astra-migrate-meta-layouts":"set","ast-page-background-enabled":"default","ast-page-background-meta":{"desktop":{"background-color":"","background-image":"","background-repeat":"repeat","background-position":"center center","background-size":"auto","background-attachment":"scroll","background-type":"","background-media":"","overlay-type":"","overlay-color":"","overlay-opacity":"","overlay-gradient":""},"tablet":{"background-color":"","background-image":"","background-repeat":"repeat","background-position":"center center","background-size":"auto","background-attachment":"scroll","background-type":"","background-media":"","overlay-type":"","overlay-color":"","overlay-opacity":"","overlay-gradient":""},"mobile":{"background-color":"","background-image":"","background-repeat":"repeat","background-position":"center center","background-size":"auto","background-attachment":"scroll","background-type":"","background-media":"","overlay-type":"","overlay-color":"","overlay-opacity":"","overlay-gradient":""}},"ast-content-background-meta":{"desktop":{"background-color":"var(--ast-global-color-5)","background-image":"","background-repeat":"repeat","background-position":"center center","background-size":"auto","background-attachment":"scroll","background-type":"","background-media":"","overlay-type":"","overlay-color":"","overlay-opacity":"","overlay-gradient":""},"tablet":{"background-color":"var(--ast-global-color-5)","background-image":"","background-repeat":"repeat","background-position":"center center","background-size":"auto","background-attachment":"scroll","background-type":"","background-media":"","overlay-type":"","overlay-color":"","overlay-opacity":"","overlay-gradient":""},"mobile":{"background-color":"var(--ast-global-color-5)","background-image":"","background-repeat":"repeat","background-position":"center center","background-size":"auto","background-attachment":"scroll","background-type":"","background-media":"","overlay-type":"","overlay-color":"","overlay-opacity":"","overlay-gradient":""}}},"product_brand":[],"product_cat":[129],"product_tag":[],"class_list":{"0":"post-9392","1":"product","2":"type-product","3":"status-publish","4":"has-post-thumbnail","6":"product_cat-d-guitarra-electrica","7":"product_shipping_class-producto-grande","8":"desktop-align-left","9":"tablet-align-left","10":"mobile-align-left","12":"first","13":"outofstock","14":"shipping-taxable","15":"purchasable","16":"product-type-simple"},"jetpack_sharing_enabled":true,"_links":{"self":[{"href":"https:\/\/guitarmusichall.com.mx\/shop\/wp-json\/wp\/v2\/product\/9392","targetHints":{"allow":["GET"]}}],"collection":[{"href":"https:\/\/guitarmusichall.com.mx\/shop\/wp-json\/wp\/v2\/product"}],"about":[{"href":"https:\/\/guitarmusichall.com.mx\/shop\/wp-json\/wp\/v2\/types\/product"}],"wp:featuredmedia":[{"embeddable":true,"href":"https:\/\/guitarmusichall.com.mx\/shop\/wp-json\/wp\/v2\/media\/9397"}],"wp:attachment":[{"href":"https:\/\/guitarmusichall.com.mx\/shop\/wp-json\/wp\/v2\/media?parent=9392"}],"wp:term":[{"taxonomy":"product_brand","embeddable":true,"href":"https:\/\/guitarmusichall.com.mx\/shop\/wp-json\/wp\/v2\/product_brand?post=9392"},{"taxonomy":"product_cat","embeddable":true,"href":"https:\/\/guitarmusichall.com.mx\/shop\/wp-json\/wp\/v2\/product_cat?post=9392"},{"taxonomy":"product_tag","embeddable":true,"href":"https:\/\/guitarmusichall.com.mx\/shop\/wp-json\/wp\/v2\/product_tag?post=9392"}],"curies":[{"name":"wp","href":"https:\/\/api.w.org\/{rel}","templated":true}]}}