{"id":9423,"date":"2024-11-22T21:10:40","date_gmt":"2024-11-22T21:10:40","guid":{"rendered":"https:\/\/guitarmusichall.com.mx\/shop\/?post_type=product&#038;p=9423"},"modified":"2025-11-17T19:24:42","modified_gmt":"2025-11-17T19:24:42","slug":"fender-funda-bajo-elec-fb1225","status":"publish","type":"product","link":"https:\/\/guitarmusichall.com.mx\/shop\/producto\/fender-funda-bajo-elec-fb1225\/","title":{"rendered":"FENDER FUNDA BAJO ELEC FB1225"},"content":{"rendered":"","protected":false},"excerpt":{"rendered":"<p><strong>DESCRIPCION DEL PRODUCTO<\/strong><\/p>\n<p>Funda Fender para Bajo El\u00e9ctrico FB1225<\/p>\n<p><strong>NUMERO D EPRODUCTO<\/strong><\/p>\n<p>FB1225<\/p>\n<p><strong>CRACTERISTICAS DEL PRODUCTO<\/strong><\/p>\n<p>La funda de transporte Fender F1225 Series es la mejor opci\u00f3n para mantener tu bajo el\u00e9ctrico seguro mientras viajas. Con nuestra ic\u00f3nica forma asim\u00e9trica del instrumento, su duradera capa exterior est\u00e1 construida con un resistente poli\u00e9ster de 1200 deniers que protege contra impactos sin rasgarse ni romperse. Su interior est\u00e1 relleno con un acolchado de 25 mm forrado con microfibra suave al tacto que mantiene tu instrumento seguro y evita que se da\u00f1e el acabado. Incluso viene con dos reposacabezas protectores ajustables y parachoques exteriores para minimizar cualquier tensi\u00f3n en el instrumento mientras est\u00e1 en tr\u00e1nsito. La funda de transporte F1225 tambi\u00e9n viene con un asa s\u00faper acolchada y correas de mochila acolchadas de EVA que absorben los golpes con hebillas de cierre de escalera f\u00e1cilmente ajustables, para que puedas llevar tu instrumento sin esfuerzo f\u00edsico. Adem\u00e1s, cuenta con mucho espacio de almacenamiento con su gran bolsillo frontal y bolsillo con cremallera para correa de mochila. El bolsillo de almacenamiento frontal ofrece espacio para peque\u00f1os accesorios y tiene dos bolsillos dedicados para cuerdas adicionales, una bolsa de herramientas acolchada extra\u00edble, tres bolsillos el\u00e1sticos para p\u00faas, dos presillas el\u00e1sticas para bol\u00edgrafos, gancho para llavero y una ventana para tarjetas de visita.<\/p>\n","protected":false},"featured_media":9425,"template":"","meta":{"site-sidebar-layout":"default","site-content-layout":"","ast-site-content-layout":"default","site-content-style":"default","site-sidebar-style":"default","ast-global-header-display":"","ast-banner-title-visibility":"","ast-main-header-display":"","ast-hfb-above-header-display":"","ast-hfb-below-header-display":"","ast-hfb-mobile-header-display":"","site-post-title":"","ast-breadcrumbs-content":"","ast-featured-img":"","footer-sml-layout":"","ast-disable-related-posts":"","theme-transparent-header-meta":"default","adv-header-id-meta":"","stick-header-meta":"","header-above-stick-meta":"","header-main-stick-meta":"","header-below-stick-meta":"","astra-migrate-meta-layouts":"set","ast-page-background-enabled":"default","ast-page-background-meta":{"desktop":{"background-color":"","background-image":"","background-repeat":"repeat","background-position":"center center","background-size":"auto","background-attachment":"scroll","background-type":"","background-media":"","overlay-type":"","overlay-color":"","overlay-opacity":"","overlay-gradient":""},"tablet":{"background-color":"","background-image":"","background-repeat":"repeat","background-position":"center center","background-size":"auto","background-attachment":"scroll","background-type":"","background-media":"","overlay-type":"","overlay-color":"","overlay-opacity":"","overlay-gradient":""},"mobile":{"background-color":"","background-image":"","background-repeat":"repeat","background-position":"center center","background-size":"auto","background-attachment":"scroll","background-type":"","background-media":"","overlay-type":"","overlay-color":"","overlay-opacity":"","overlay-gradient":""}},"ast-content-background-meta":{"desktop":{"background-color":"var(--ast-global-color-5)","background-image":"","background-repeat":"repeat","background-position":"center center","background-size":"auto","background-attachment":"scroll","background-type":"","background-media":"","overlay-type":"","overlay-color":"","overlay-opacity":"","overlay-gradient":""},"tablet":{"background-color":"var(--ast-global-color-5)","background-image":"","background-repeat":"repeat","background-position":"center center","background-size":"auto","background-attachment":"scroll","background-type":"","background-media":"","overlay-type":"","overlay-color":"","overlay-opacity":"","overlay-gradient":""},"mobile":{"background-color":"var(--ast-global-color-5)","background-image":"","background-repeat":"repeat","background-position":"center center","background-size":"auto","background-attachment":"scroll","background-type":"","background-media":"","overlay-type":"","overlay-color":"","overlay-opacity":"","overlay-gradient":""}}},"product_brand":[],"product_cat":[126,38],"product_tag":[],"class_list":{"0":"post-9423","1":"product","2":"type-product","3":"status-publish","4":"has-post-thumbnail","6":"product_cat-d-bajo-electrico","7":"product_cat-fender","8":"product_shipping_class-producto-grande","9":"desktop-align-left","10":"tablet-align-left","11":"mobile-align-left","13":"first","14":"instock","15":"shipping-taxable","16":"purchasable","17":"product-type-simple"},"jetpack_sharing_enabled":true,"_links":{"self":[{"href":"https:\/\/guitarmusichall.com.mx\/shop\/wp-json\/wp\/v2\/product\/9423","targetHints":{"allow":["GET"]}}],"collection":[{"href":"https:\/\/guitarmusichall.com.mx\/shop\/wp-json\/wp\/v2\/product"}],"about":[{"href":"https:\/\/guitarmusichall.com.mx\/shop\/wp-json\/wp\/v2\/types\/product"}],"wp:featuredmedia":[{"embeddable":true,"href":"https:\/\/guitarmusichall.com.mx\/shop\/wp-json\/wp\/v2\/media\/9425"}],"wp:attachment":[{"href":"https:\/\/guitarmusichall.com.mx\/shop\/wp-json\/wp\/v2\/media?parent=9423"}],"wp:term":[{"taxonomy":"product_brand","embeddable":true,"href":"https:\/\/guitarmusichall.com.mx\/shop\/wp-json\/wp\/v2\/product_brand?post=9423"},{"taxonomy":"product_cat","embeddable":true,"href":"https:\/\/guitarmusichall.com.mx\/shop\/wp-json\/wp\/v2\/product_cat?post=9423"},{"taxonomy":"product_tag","embeddable":true,"href":"https:\/\/guitarmusichall.com.mx\/shop\/wp-json\/wp\/v2\/product_tag?post=9423"}],"curies":[{"name":"wp","href":"https:\/\/api.w.org\/{rel}","templated":true}]}}