{"id":9593,"date":"2024-12-20T21:49:17","date_gmt":"2024-12-20T21:49:17","guid":{"rendered":"https:\/\/guitarmusichall.com.mx\/shop\/?post_type=product&#038;p=9593"},"modified":"2024-12-20T22:05:55","modified_gmt":"2024-12-20T22:05:55","slug":"fender-bassman-reverb-2","status":"publish","type":"product","link":"https:\/\/guitarmusichall.com.mx\/shop\/producto\/fender-bassman-reverb-2\/","title":{"rendered":"FENDER BASSMAN REVERB"},"content":{"rendered":"","protected":false},"excerpt":{"rendered":"<p><strong>DESCRIPCION DEL PRODUCTO<\/strong><\/p>\n<p>Pedal Fender Bassman Reverb<\/p>\n<p><strong>NUMERO DE PRODUCTO<\/strong><\/p>\n<p>0234613000<\/p>\n<p><strong>CARACTERISTICAS DEL PRODUCTO<\/strong><\/p>\n<p>Los pedales Bassman cubren todas tus necesidades de bajos. Inspir\u00e1ndose en la l\u00ednea de amplificadores de Bulbos original que abri\u00f3 el camino al procesamiento de se\u00f1ales subs\u00f3nicas de Fender, la l\u00ednea de pedales Bassman incluye una colecci\u00f3n de circuitos anal\u00f3gicos y digitales meticulosamente dise\u00f1ados, todos seleccionados desde cero para una expansi\u00f3n tonal centrada en los bajos.<\/p>\n<p>Anteriormente reservado para los t\u00e9cnicos de estudio, aplicar la reverberaci\u00f3n adecuada a tu bajo aporta profundidad y espacio natural a tu sonido. El Bassman Reverb lleva estos trucos de estudio a tu pedalera en un formato compacto con dos algoritmos DSP de reverberaci\u00f3n profesionales dise\u00f1ados espec\u00edficamente para instrumentos bajos. Este pedal de reverberaci\u00f3n se especializa en brindar ambiente mientras mantiene claros los transitorios de gama baja, gracias al control de corte bajo que elimina las frecuencias bajas de las estelas de reverberaci\u00f3n para evitar la turbidez. Agrega claridad adicional a tu ritmo usando el interruptor de pre-delay para introducir un ligero retraso entre cada nota y su estela de reverberaci\u00f3n. Ya sea que est\u00e9s buscando un ambiente de sala sutil o oleadas de graves tipo pad, el Bassman Reverb est\u00e1 aqu\u00ed para brindarte.<\/p>\n<p>Algoritmos DSP de reverb optimizados para frecuencias graves, con paso de se\u00f1al anal\u00f3gica directa<br \/>\nLa perilla de corte de graves y el interruptor de pre-retardo mantienen la claridad de la se\u00f1al<br \/>\nEl control interno de amortiguaci\u00f3n ajusta el contenido de altas frecuencias de la se\u00f1al de reverberaci\u00f3n.<br \/>\nBypass conmutable de toque suave, true bypass o con b\u00fafer con persistencia de la se\u00f1al<br \/>\nInterruptor de pad montado en el lateral para bajos activos<br \/>\nTomas montadas en la parte superior y carcasa de aluminio.<\/p>\n<p>&nbsp;<\/p>\n<p>&nbsp;<\/p>\n","protected":false},"featured_media":9595,"template":"","meta":{"site-sidebar-layout":"default","site-content-layout":"","ast-site-content-layout":"default","site-content-style":"default","site-sidebar-style":"default","ast-global-header-display":"","ast-banner-title-visibility":"","ast-main-header-display":"","ast-hfb-above-header-display":"","ast-hfb-below-header-display":"","ast-hfb-mobile-header-display":"","site-post-title":"","ast-breadcrumbs-content":"","ast-featured-img":"","footer-sml-layout":"","ast-disable-related-posts":"","theme-transparent-header-meta":"default","adv-header-id-meta":"","stick-header-meta":"","header-above-stick-meta":"","header-main-stick-meta":"","header-below-stick-meta":"","astra-migrate-meta-layouts":"set","ast-page-background-enabled":"default","ast-page-background-meta":{"desktop":{"background-color":"","background-image":"","background-repeat":"repeat","background-position":"center center","background-size":"auto","background-attachment":"scroll","background-type":"","background-media":"","overlay-type":"","overlay-color":"","overlay-opacity":"","overlay-gradient":""},"tablet":{"background-color":"","background-image":"","background-repeat":"repeat","background-position":"center center","background-size":"auto","background-attachment":"scroll","background-type":"","background-media":"","overlay-type":"","overlay-color":"","overlay-opacity":"","overlay-gradient":""},"mobile":{"background-color":"","background-image":"","background-repeat":"repeat","background-position":"center center","background-size":"auto","background-attachment":"scroll","background-type":"","background-media":"","overlay-type":"","overlay-color":"","overlay-opacity":"","overlay-gradient":""}},"ast-content-background-meta":{"desktop":{"background-color":"var(--ast-global-color-5)","background-image":"","background-repeat":"repeat","background-position":"center center","background-size":"auto","background-attachment":"scroll","background-type":"","background-media":"","overlay-type":"","overlay-color":"","overlay-opacity":"","overlay-gradient":""},"tablet":{"background-color":"var(--ast-global-color-5)","background-image":"","background-repeat":"repeat","background-position":"center center","background-size":"auto","background-attachment":"scroll","background-type":"","background-media":"","overlay-type":"","overlay-color":"","overlay-opacity":"","overlay-gradient":""},"mobile":{"background-color":"var(--ast-global-color-5)","background-image":"","background-repeat":"repeat","background-position":"center center","background-size":"auto","background-attachment":"scroll","background-type":"","background-media":"","overlay-type":"","overlay-color":"","overlay-opacity":"","overlay-gradient":""}}},"product_brand":[],"product_cat":[38,165],"product_tag":[],"class_list":{"0":"post-9593","1":"product","2":"type-product","3":"status-publish","4":"has-post-thumbnail","6":"product_cat-fender","7":"product_cat-fender-bajo","8":"desktop-align-left","9":"tablet-align-left","10":"mobile-align-left","12":"first","13":"instock","14":"shipping-taxable","15":"purchasable","16":"product-type-simple"},"jetpack_sharing_enabled":true,"_links":{"self":[{"href":"https:\/\/guitarmusichall.com.mx\/shop\/wp-json\/wp\/v2\/product\/9593","targetHints":{"allow":["GET"]}}],"collection":[{"href":"https:\/\/guitarmusichall.com.mx\/shop\/wp-json\/wp\/v2\/product"}],"about":[{"href":"https:\/\/guitarmusichall.com.mx\/shop\/wp-json\/wp\/v2\/types\/product"}],"wp:featuredmedia":[{"embeddable":true,"href":"https:\/\/guitarmusichall.com.mx\/shop\/wp-json\/wp\/v2\/media\/9595"}],"wp:attachment":[{"href":"https:\/\/guitarmusichall.com.mx\/shop\/wp-json\/wp\/v2\/media?parent=9593"}],"wp:term":[{"taxonomy":"product_brand","embeddable":true,"href":"https:\/\/guitarmusichall.com.mx\/shop\/wp-json\/wp\/v2\/product_brand?post=9593"},{"taxonomy":"product_cat","embeddable":true,"href":"https:\/\/guitarmusichall.com.mx\/shop\/wp-json\/wp\/v2\/product_cat?post=9593"},{"taxonomy":"product_tag","embeddable":true,"href":"https:\/\/guitarmusichall.com.mx\/shop\/wp-json\/wp\/v2\/product_tag?post=9593"}],"curies":[{"name":"wp","href":"https:\/\/api.w.org\/{rel}","templated":true}]}}