{"id":9596,"date":"2024-12-20T22:04:31","date_gmt":"2024-12-20T22:04:31","guid":{"rendered":"https:\/\/guitarmusichall.com.mx\/shop\/?post_type=product&#038;p=9596"},"modified":"2024-12-20T22:11:17","modified_gmt":"2024-12-20T22:11:17","slug":"fender-bassman-delay","status":"publish","type":"product","link":"https:\/\/guitarmusichall.com.mx\/shop\/producto\/fender-bassman-delay\/","title":{"rendered":"FENDER BASSMAN DELAY"},"content":{"rendered":"","protected":false},"excerpt":{"rendered":"<p><strong>DESCRIPCION DEL PRODUCTO<\/strong><\/p>\n<p>Pedal Fender Bassman Delay<\/p>\n<p><strong>NUMERO DE PRODUCTO<\/strong><\/p>\n<p>0234612000<\/p>\n<p><strong>CARACTERISTICAS DEL PRODUCTO<\/strong><\/p>\n<p>Los pedales Bassman cubren todas tus necesidades de bajos. Inspir\u00e1ndose en la l\u00ednea de amplificadores de Bulbos original que abri\u00f3 el camino al procesamiento de se\u00f1ales subs\u00f3nicas de Fender, la l\u00ednea de pedales Bassman incluye una colecci\u00f3n de circuitos anal\u00f3gicos y digitales meticulosamente dise\u00f1ados, todos seleccionados desde cero para una expansi\u00f3n tonal centrada en los bajos.<\/p>\n<p>Entra en el mundo de los paisajes sonoros subs\u00f3nicos con un delay dise\u00f1ado para graves. Bassman Delay lleva el delay a los graves con dos algoritmos DSP profesionales dise\u00f1ados espec\u00edficamente para repetir la se\u00f1al de graves. Selecciona entre repeticiones anal\u00f3gicas suaves o tonos de delay digitales n\u00edtidos con solo pulsar el interruptor de tipo, mientras que los controles de tiempo y retroalimentaci\u00f3n determinan el tiempo de delay y el n\u00famero de repeticiones. Dale forma a la presencia de baja frecuencia en tus repeticiones de delay con el interruptor de graves, lo que te permite decidir si tus delays se desvanecen ligeramente sobre tu se\u00f1al, manteniendo los graves claros, o duplican la se\u00f1al completa para que se repitan las ondas de graves. Sum\u00e9rgete en las profundidades del ambiente y encuentra nuevos y emocionantes ritmos de percusi\u00f3n con Bassman Delay.<\/p>\n<p>Algoritmos DSP de retardo anal\u00f3gico y digital afinados para frecuencias graves con paso directo de se\u00f1al anal\u00f3gica<br \/>\nEl interruptor \u00abLow\u00bb moldea la presencia de frecuencias bajas en las repeticiones del retardo.<br \/>\nControles internos de corte alto y corte bajo que ajustan finamente el contenido frecuencial de las repeticiones del retardo.<br \/>\nBypass conmutable de toque suave, true bypass o con b\u00fafer con persistencia de la se\u00f1al<br \/>\nInterruptor de pad montado en el lateral para bajos activos<br \/>\nTomas montadas en la parte superior y carcasa de aluminio.<\/p>\n<p>&nbsp;<\/p>\n","protected":false},"featured_media":9598,"template":"","meta":{"site-sidebar-layout":"default","site-content-layout":"","ast-site-content-layout":"default","site-content-style":"default","site-sidebar-style":"default","ast-global-header-display":"","ast-banner-title-visibility":"","ast-main-header-display":"","ast-hfb-above-header-display":"","ast-hfb-below-header-display":"","ast-hfb-mobile-header-display":"","site-post-title":"","ast-breadcrumbs-content":"","ast-featured-img":"","footer-sml-layout":"","ast-disable-related-posts":"","theme-transparent-header-meta":"default","adv-header-id-meta":"","stick-header-meta":"","header-above-stick-meta":"","header-main-stick-meta":"","header-below-stick-meta":"","astra-migrate-meta-layouts":"set","ast-page-background-enabled":"default","ast-page-background-meta":{"desktop":{"background-color":"","background-image":"","background-repeat":"repeat","background-position":"center center","background-size":"auto","background-attachment":"scroll","background-type":"","background-media":"","overlay-type":"","overlay-color":"","overlay-opacity":"","overlay-gradient":""},"tablet":{"background-color":"","background-image":"","background-repeat":"repeat","background-position":"center center","background-size":"auto","background-attachment":"scroll","background-type":"","background-media":"","overlay-type":"","overlay-color":"","overlay-opacity":"","overlay-gradient":""},"mobile":{"background-color":"","background-image":"","background-repeat":"repeat","background-position":"center center","background-size":"auto","background-attachment":"scroll","background-type":"","background-media":"","overlay-type":"","overlay-color":"","overlay-opacity":"","overlay-gradient":""}},"ast-content-background-meta":{"desktop":{"background-color":"var(--ast-global-color-5)","background-image":"","background-repeat":"repeat","background-position":"center center","background-size":"auto","background-attachment":"scroll","background-type":"","background-media":"","overlay-type":"","overlay-color":"","overlay-opacity":"","overlay-gradient":""},"tablet":{"background-color":"var(--ast-global-color-5)","background-image":"","background-repeat":"repeat","background-position":"center center","background-size":"auto","background-attachment":"scroll","background-type":"","background-media":"","overlay-type":"","overlay-color":"","overlay-opacity":"","overlay-gradient":""},"mobile":{"background-color":"var(--ast-global-color-5)","background-image":"","background-repeat":"repeat","background-position":"center center","background-size":"auto","background-attachment":"scroll","background-type":"","background-media":"","overlay-type":"","overlay-color":"","overlay-opacity":"","overlay-gradient":""}}},"product_brand":[],"product_cat":[38,165],"product_tag":[],"class_list":{"0":"post-9596","1":"product","2":"type-product","3":"status-publish","4":"has-post-thumbnail","6":"product_cat-fender","7":"product_cat-fender-bajo","8":"desktop-align-left","9":"tablet-align-left","10":"mobile-align-left","12":"first","13":"instock","14":"shipping-taxable","15":"purchasable","16":"product-type-simple"},"jetpack_sharing_enabled":true,"_links":{"self":[{"href":"https:\/\/guitarmusichall.com.mx\/shop\/wp-json\/wp\/v2\/product\/9596","targetHints":{"allow":["GET"]}}],"collection":[{"href":"https:\/\/guitarmusichall.com.mx\/shop\/wp-json\/wp\/v2\/product"}],"about":[{"href":"https:\/\/guitarmusichall.com.mx\/shop\/wp-json\/wp\/v2\/types\/product"}],"wp:featuredmedia":[{"embeddable":true,"href":"https:\/\/guitarmusichall.com.mx\/shop\/wp-json\/wp\/v2\/media\/9598"}],"wp:attachment":[{"href":"https:\/\/guitarmusichall.com.mx\/shop\/wp-json\/wp\/v2\/media?parent=9596"}],"wp:term":[{"taxonomy":"product_brand","embeddable":true,"href":"https:\/\/guitarmusichall.com.mx\/shop\/wp-json\/wp\/v2\/product_brand?post=9596"},{"taxonomy":"product_cat","embeddable":true,"href":"https:\/\/guitarmusichall.com.mx\/shop\/wp-json\/wp\/v2\/product_cat?post=9596"},{"taxonomy":"product_tag","embeddable":true,"href":"https:\/\/guitarmusichall.com.mx\/shop\/wp-json\/wp\/v2\/product_tag?post=9596"}],"curies":[{"name":"wp","href":"https:\/\/api.w.org\/{rel}","templated":true}]}}