{"id":987,"date":"2020-08-18T19:11:28","date_gmt":"2020-08-18T19:11:28","guid":{"rendered":"https:\/\/guitarmusichall.com.mx\/shop\/?post_type=product&#038;p=987"},"modified":"2025-12-12T00:27:24","modified_gmt":"2025-12-12T00:27:24","slug":"fender-ca-std-redondo-ce-3ts","status":"publish","type":"product","link":"https:\/\/guitarmusichall.com.mx\/shop\/producto\/fender-ca-std-redondo-ce-3ts\/","title":{"rendered":"FENDER CA STD REDONDO CE 3TS"},"content":{"rendered":"","protected":false},"excerpt":{"rendered":"<p><strong>DESCRIPCI\u00d3N DEL PRODUCTO<\/strong><\/p>\n<p>Guitarra Electroac\u00fastica Fender CA STD Redondo CE 3TS<\/p>\n<p><strong>N\u00daMERO DEL PRODUCTO<\/strong><\/p>\n<p>0974220500<\/p>\n<p><strong>CARACTER\u00cdSTICAS DEL PRODUCTO<\/strong><\/p>\n<p>Inspiradas en una larga tradici\u00f3n de reinventar la experiencia ac\u00fastica para m\u00fasicos audaces y aventureros\/as, las guitarras ac\u00fasticas de la serie California destacan por ser aut\u00e9nticamente diferentes, atemporales e indudablemente Fender.<\/p>\n<p>La forma dreadnought es apreciada por su sonido profundo y robusto, as\u00ed como por su gran versatilidad, lo que la convierte en una opci\u00f3n ideal para cualquier estilo musical, desde rasgueos potentes hasta solos expresivos. La California Standard Redondo CE cuenta con una construcci\u00f3n laminada resistente, tapa de abeto y parte trasera y aros de sapele que ofrecen un car\u00e1cter tonal impresionante. La electr\u00f3nica Fender integrada ofrece un sonido de alta calidad para tocar en directo, grabar o usar efectos e incluye un pr\u00e1ctico afinador digital. Adem\u00e1s, su m\u00e1stil corto de escala 25 \u00bd\u201d (64,77 cm) con perfil \u201cSlim C\u201d- hace que tocar sea c\u00f3modo y natural. Otras caracter\u00edsticas importantes son el diapas\u00f3n y puente de nogal aceitados, clavijas selladas que garantizan una afinaci\u00f3n suave y precisa y un elegante acabado brillante y resistente.<\/p>\n<p>* Cuerpo Laminated Sapele<\/p>\n<p>* Laminated Spruce<\/p>\n<p><span style=\"font-size: 16px;\">* <\/span><span style=\"font-size: 16px;\">Diapas\u00f3n Walnut<\/span><\/p>\n<p>*\u00a0 Preamp y Afinador Fender<\/p>\n<p>*\u00a0 Maquinaria Die-Cast Sealed<\/p>\n<p>*\u00a0 Color 3-Tone Sunburst<\/p>\n","protected":false},"featured_media":10199,"template":"","meta":{"site-sidebar-layout":"default","site-content-layout":"default","ast-site-content-layout":"default","site-content-style":"default","site-sidebar-style":"default","ast-global-header-display":"","ast-banner-title-visibility":"","ast-main-header-display":"","ast-hfb-above-header-display":"","ast-hfb-below-header-display":"","ast-hfb-mobile-header-display":"","site-post-title":"","ast-breadcrumbs-content":"","ast-featured-img":"","footer-sml-layout":"","ast-disable-related-posts":"","theme-transparent-header-meta":"default","adv-header-id-meta":"","stick-header-meta":"","header-above-stick-meta":"","header-main-stick-meta":"","header-below-stick-meta":"","astra-migrate-meta-layouts":"set","ast-page-background-enabled":"default","ast-page-background-meta":{"desktop":{"background-color":"","background-image":"","background-repeat":"repeat","background-position":"center center","background-size":"auto","background-attachment":"scroll","background-type":"","background-media":"","overlay-type":"","overlay-color":"","overlay-opacity":"","overlay-gradient":""},"tablet":{"background-color":"","background-image":"","background-repeat":"repeat","background-position":"center center","background-size":"auto","background-attachment":"scroll","background-type":"","background-media":"","overlay-type":"","overlay-color":"","overlay-opacity":"","overlay-gradient":""},"mobile":{"background-color":"","background-image":"","background-repeat":"repeat","background-position":"center center","background-size":"auto","background-attachment":"scroll","background-type":"","background-media":"","overlay-type":"","overlay-color":"","overlay-opacity":"","overlay-gradient":""}},"ast-content-background-meta":{"desktop":{"background-color":"var(--ast-global-color-5)","background-image":"","background-repeat":"repeat","background-position":"center center","background-size":"auto","background-attachment":"scroll","background-type":"","background-media":"","overlay-type":"","overlay-color":"","overlay-opacity":"","overlay-gradient":""},"tablet":{"background-color":"var(--ast-global-color-5)","background-image":"","background-repeat":"repeat","background-position":"center center","background-size":"auto","background-attachment":"scroll","background-type":"","background-media":"","overlay-type":"","overlay-color":"","overlay-opacity":"","overlay-gradient":""},"mobile":{"background-color":"var(--ast-global-color-5)","background-image":"","background-repeat":"repeat","background-position":"center center","background-size":"auto","background-attachment":"scroll","background-type":"","background-media":"","overlay-type":"","overlay-color":"","overlay-opacity":"","overlay-gradient":""}}},"product_brand":[],"product_cat":[38,19],"product_tag":[],"class_list":{"0":"post-987","1":"product","2":"type-product","3":"status-publish","4":"has-post-thumbnail","6":"product_cat-fender","7":"product_cat-guitarra-electroacustica","8":"product_shipping_class-producto-extra-grande","9":"desktop-align-left","10":"tablet-align-left","11":"mobile-align-left","13":"first","14":"instock","15":"shipping-taxable","16":"purchasable","17":"product-type-simple"},"jetpack_sharing_enabled":true,"_links":{"self":[{"href":"https:\/\/guitarmusichall.com.mx\/shop\/wp-json\/wp\/v2\/product\/987","targetHints":{"allow":["GET"]}}],"collection":[{"href":"https:\/\/guitarmusichall.com.mx\/shop\/wp-json\/wp\/v2\/product"}],"about":[{"href":"https:\/\/guitarmusichall.com.mx\/shop\/wp-json\/wp\/v2\/types\/product"}],"wp:featuredmedia":[{"embeddable":true,"href":"https:\/\/guitarmusichall.com.mx\/shop\/wp-json\/wp\/v2\/media\/10199"}],"wp:attachment":[{"href":"https:\/\/guitarmusichall.com.mx\/shop\/wp-json\/wp\/v2\/media?parent=987"}],"wp:term":[{"taxonomy":"product_brand","embeddable":true,"href":"https:\/\/guitarmusichall.com.mx\/shop\/wp-json\/wp\/v2\/product_brand?post=987"},{"taxonomy":"product_cat","embeddable":true,"href":"https:\/\/guitarmusichall.com.mx\/shop\/wp-json\/wp\/v2\/product_cat?post=987"},{"taxonomy":"product_tag","embeddable":true,"href":"https:\/\/guitarmusichall.com.mx\/shop\/wp-json\/wp\/v2\/product_tag?post=987"}],"curies":[{"name":"wp","href":"https:\/\/api.w.org\/{rel}","templated":true}]}}