{"id":9918,"date":"2025-07-15T00:47:57","date_gmt":"2025-07-15T00:47:57","guid":{"rendered":"https:\/\/guitarmusichall.com.mx\/shop\/?post_type=product&#038;p=9918"},"modified":"2025-07-16T00:15:50","modified_gmt":"2025-07-16T00:15:50","slug":"boss-procesador-de-efectos-gt-1","status":"publish","type":"product","link":"https:\/\/guitarmusichall.com.mx\/shop\/producto\/boss-procesador-de-efectos-gt-1\/","title":{"rendered":"BOSS PROCESADOR DE EFECTOS GT-1"},"content":{"rendered":"","protected":false},"excerpt":{"rendered":"<p><strong>DESCRIPCION DEL PRODUCTO<\/strong><\/p>\n<p>Procesador de Efectos Boss para Guitarra El\u00e9ctrica<\/p>\n<p><strong>NUMERO DE PRODUCTO<\/strong><\/p>\n<p>GT-1<\/p>\n<p><strong>CARACTERISTICAS DEL PRODUCTO<\/strong><\/p>\n<p>El GT-1 es un equipo ultraport\u00e1til y f\u00e1cil de usar que te ofrece sonidos con calidad profesional en todas partes. Equipado con el potente motor de la serie GT de BOSS, proporciona una enorme selecci\u00f3n de excelentes amplificadores y efectos para todos los estilos musicales. Una interfaz optimizada permite crear sonidos de forma intuitiva y r\u00e1pida, mientras que un interruptor de control asignable y un pedal de expresi\u00f3n facilitan el ajuste din\u00e1mico de efectos en tiempo real. Adem\u00e1s, puedes conectarte a BOSS Tone Central para descargar patches profesionales gratuitos, software de edici\u00f3n y mucho m\u00e1s. Ideal para principiantes, h\u00e9roes de fin de semana y m\u00fasicos itinerantes, el GT-1 incluye sonidos de primera en un dise\u00f1o compacto y resistente.<\/p>\n<p>Fant\u00e1stico motor de sonido de BOSS en un equipo de suelo incre\u00edblemente compacto y ligero<br \/>\nDise\u00f1o moderno sin bordes duros para un transporte seguro en funda de guitarra<br \/>\nFunciones Easy Select e Easy Edit para seleccionar y retocar patches con rapidez<br \/>\nSiete horas de autonom\u00eda con cuatro pilas AA para tocar en la calle y actuar en cualquier sitio<br \/>\nInterruptor de control y pedal de expresi\u00f3n; jack de conmutador de pedal\/pedal de expresi\u00f3n y USB<br \/>\nDescarga gratuita de patches profesionales listos para usar en BOSS Tone Central<br \/>\nDescarga y comparte los Livesets en BOSS Tone Exchange<\/p>\n<p>&nbsp;<\/p>\n","protected":false},"featured_media":9921,"template":"","meta":{"site-sidebar-layout":"default","site-content-layout":"","ast-site-content-layout":"default","site-content-style":"default","site-sidebar-style":"default","ast-global-header-display":"","ast-banner-title-visibility":"","ast-main-header-display":"","ast-hfb-above-header-display":"","ast-hfb-below-header-display":"","ast-hfb-mobile-header-display":"","site-post-title":"","ast-breadcrumbs-content":"","ast-featured-img":"","footer-sml-layout":"","ast-disable-related-posts":"","theme-transparent-header-meta":"default","adv-header-id-meta":"","stick-header-meta":"","header-above-stick-meta":"","header-main-stick-meta":"","header-below-stick-meta":"","astra-migrate-meta-layouts":"set","ast-page-background-enabled":"default","ast-page-background-meta":{"desktop":{"background-color":"","background-image":"","background-repeat":"repeat","background-position":"center center","background-size":"auto","background-attachment":"scroll","background-type":"","background-media":"","overlay-type":"","overlay-color":"","overlay-opacity":"","overlay-gradient":""},"tablet":{"background-color":"","background-image":"","background-repeat":"repeat","background-position":"center center","background-size":"auto","background-attachment":"scroll","background-type":"","background-media":"","overlay-type":"","overlay-color":"","overlay-opacity":"","overlay-gradient":""},"mobile":{"background-color":"","background-image":"","background-repeat":"repeat","background-position":"center center","background-size":"auto","background-attachment":"scroll","background-type":"","background-media":"","overlay-type":"","overlay-color":"","overlay-opacity":"","overlay-gradient":""}},"ast-content-background-meta":{"desktop":{"background-color":"var(--ast-global-color-5)","background-image":"","background-repeat":"repeat","background-position":"center center","background-size":"auto","background-attachment":"scroll","background-type":"","background-media":"","overlay-type":"","overlay-color":"","overlay-opacity":"","overlay-gradient":""},"tablet":{"background-color":"var(--ast-global-color-5)","background-image":"","background-repeat":"repeat","background-position":"center center","background-size":"auto","background-attachment":"scroll","background-type":"","background-media":"","overlay-type":"","overlay-color":"","overlay-opacity":"","overlay-gradient":""},"mobile":{"background-color":"var(--ast-global-color-5)","background-image":"","background-repeat":"repeat","background-position":"center center","background-size":"auto","background-attachment":"scroll","background-type":"","background-media":"","overlay-type":"","overlay-color":"","overlay-opacity":"","overlay-gradient":""}}},"product_brand":[],"product_cat":[43,149],"product_tag":[],"class_list":{"0":"post-9918","1":"product","2":"type-product","3":"status-publish","4":"has-post-thumbnail","6":"product_cat-boss","7":"product_cat-boss-guit","8":"product_shipping_class-producto-grande","9":"desktop-align-left","10":"tablet-align-left","11":"mobile-align-left","13":"first","14":"instock","15":"shipping-taxable","16":"purchasable","17":"product-type-simple"},"jetpack_sharing_enabled":true,"_links":{"self":[{"href":"https:\/\/guitarmusichall.com.mx\/shop\/wp-json\/wp\/v2\/product\/9918","targetHints":{"allow":["GET"]}}],"collection":[{"href":"https:\/\/guitarmusichall.com.mx\/shop\/wp-json\/wp\/v2\/product"}],"about":[{"href":"https:\/\/guitarmusichall.com.mx\/shop\/wp-json\/wp\/v2\/types\/product"}],"wp:featuredmedia":[{"embeddable":true,"href":"https:\/\/guitarmusichall.com.mx\/shop\/wp-json\/wp\/v2\/media\/9921"}],"wp:attachment":[{"href":"https:\/\/guitarmusichall.com.mx\/shop\/wp-json\/wp\/v2\/media?parent=9918"}],"wp:term":[{"taxonomy":"product_brand","embeddable":true,"href":"https:\/\/guitarmusichall.com.mx\/shop\/wp-json\/wp\/v2\/product_brand?post=9918"},{"taxonomy":"product_cat","embeddable":true,"href":"https:\/\/guitarmusichall.com.mx\/shop\/wp-json\/wp\/v2\/product_cat?post=9918"},{"taxonomy":"product_tag","embeddable":true,"href":"https:\/\/guitarmusichall.com.mx\/shop\/wp-json\/wp\/v2\/product_tag?post=9918"}],"curies":[{"name":"wp","href":"https:\/\/api.w.org\/{rel}","templated":true}]}}