{"id":9940,"date":"2025-07-29T20:40:30","date_gmt":"2025-07-29T20:40:30","guid":{"rendered":"https:\/\/guitarmusichall.com.mx\/shop\/?post_type=product&#038;p=9940"},"modified":"2025-07-29T20:43:10","modified_gmt":"2025-07-29T20:43:10","slug":"krk-rokit-5-rp5g5-na","status":"publish","type":"product","link":"https:\/\/guitarmusichall.com.mx\/shop\/producto\/krk-rokit-5-rp5g5-na\/","title":{"rendered":"KRK ROKIT 5 RP5G5-NA"},"content":{"rendered":"","protected":false},"excerpt":{"rendered":"<p><strong>DESCRIPCION DEL PRODUCTO<\/strong><\/p>\n<p>Monitor KRK Rokit 5<\/p>\n<p><strong>NUMERO DE PRODUCTO<\/strong><\/p>\n<p>RP5G5-NA<\/p>\n<p><strong>CARACTERISTICAS DEL PRODUCTO<\/strong><\/p>\n<p>Los monitores KRK KREATE SERIES ofrecen un valor incre\u00edble y el legendario rendimiento de monitorizaci\u00f3n de estudio KRK a m\u00fasicos, ingenieros, productores y creadores de contenido. Disponibles en tres tama\u00f1os, estos monitores de estudio bidireccionales, l\u00edderes en su clase, est\u00e1n dise\u00f1ados espec\u00edficamente para las diversas necesidades de los profesionales creativos. Los monitores KRK KREATE SERIES proporcionan las herramientas necesarias para reproducir cada matiz de su sonido con una claridad y precisi\u00f3n asombrosas.<\/p>\n<p>La SERIE KREATE cuenta con pr\u00e1cticas condiciones de contorno ac\u00fasticas y combinaciones de ecualizaci\u00f3n para minimizar y corregir problemas en su entorno y ajustar la sonoridad a sus necesidades espec\u00edficas. Los woofers con cono de fibra de vidrio tejida compuesta proporcionan una din\u00e1mica excepcional con buena amortiguaci\u00f3n y control de ruptura modal. La reproducci\u00f3n de altas frecuencias proviene de un tweeter de c\u00fapula textil cuidadosamente dise\u00f1ado con motor de neodimio para extender con precisi\u00f3n el rango de frecuencia hasta 33 kHz.<\/p>\n<p>Para una respuesta transitoria y una reproducci\u00f3n din\u00e1mica \u00f3ptimas, los amplificadores controlan los transductores eficientemente a temperaturas de funcionamiento reducidas para garantizar la integridad del audio durante largas sesiones de trabajo.<\/p>\n<p>Configuraci\u00f3n: Bass Reflex de 2 v\u00edas<br \/>\nTipo de sistema: Par de monitores de estudio activos (izquierdo activo \u2013 derecho pasivo)<br \/>\nControlador de bajas frecuencias: Woofer de 3,5 pulgadas, cono compuesto de fibra de vidrio tejida, im\u00e1n de ferrita<br \/>\nControlador de altas frecuencias: Tweeter de 3\/4 pulgadas, c\u00fapula textil, im\u00e1n de neodimio<br \/>\nRespuesta de frecuencia (+\/- 3 dB): 70 Hz &#8211; 33 kHz<br \/>\nRango de frecuencia de bajas frecuencias (-10 dB): 63 Hz<br \/>\nFrecuencia de cruce: 3,06 kHz<br \/>\nConfiguraci\u00f3n del amplificador: Clase D<br \/>\nPotencia de salida del amplificador izquierdo: 32,5 vatios<br \/>\nPotencia de salida del amplificador derecho: 32,5 vatios<br \/>\nPotencia total: 65 vatios<br \/>\nPotencia din\u00e1mica total: 130 vatios<br \/>\nSPL m\u00e1ximo (par): 104 dB<br \/>\n\u00c1ngulos de cobertura: 147\u00b0 horizontal x 70\u00b0 vertical<br \/>\nEntradas de audio anal\u00f3gicas: Balanceadas Conector TRS de 1\/4&#8243;, RCA, auxiliar de 1\/8&#8243;<br \/>\nEntrada inal\u00e1mbrica: Bluetooth\u00ae Classic 5.3 A2DP<br \/>\nRelaci\u00f3n se\u00f1al-ruido (SNR): &gt;95.7 dB<br \/>\nVoltaje de entrada CA: 100 \u2013 240 V CA (+\/- 10 %), 50\/60 Hz<br \/>\nTipo de fusible: T4AL\/250 V &#8211; No reparable por el usuario<br \/>\nConstrucci\u00f3n de la caja: MDF recubierto de vinilo PVC<br \/>\nConstrucci\u00f3n del deflector: MDF con placa frontal reforzada de poliestireno de alto impacto<\/p>\n<p>* Costo de 1 Pieza<\/p>\n","protected":false},"featured_media":9941,"template":"","meta":{"site-sidebar-layout":"default","site-content-layout":"","ast-site-content-layout":"default","site-content-style":"default","site-sidebar-style":"default","ast-global-header-display":"","ast-banner-title-visibility":"","ast-main-header-display":"","ast-hfb-above-header-display":"","ast-hfb-below-header-display":"","ast-hfb-mobile-header-display":"","site-post-title":"","ast-breadcrumbs-content":"","ast-featured-img":"","footer-sml-layout":"","ast-disable-related-posts":"","theme-transparent-header-meta":"default","adv-header-id-meta":"","stick-header-meta":"","header-above-stick-meta":"","header-main-stick-meta":"","header-below-stick-meta":"","astra-migrate-meta-layouts":"set","ast-page-background-enabled":"default","ast-page-background-meta":{"desktop":{"background-color":"","background-image":"","background-repeat":"repeat","background-position":"center center","background-size":"auto","background-attachment":"scroll","background-type":"","background-media":"","overlay-type":"","overlay-color":"","overlay-opacity":"","overlay-gradient":""},"tablet":{"background-color":"","background-image":"","background-repeat":"repeat","background-position":"center center","background-size":"auto","background-attachment":"scroll","background-type":"","background-media":"","overlay-type":"","overlay-color":"","overlay-opacity":"","overlay-gradient":""},"mobile":{"background-color":"","background-image":"","background-repeat":"repeat","background-position":"center center","background-size":"auto","background-attachment":"scroll","background-type":"","background-media":"","overlay-type":"","overlay-color":"","overlay-opacity":"","overlay-gradient":""}},"ast-content-background-meta":{"desktop":{"background-color":"var(--ast-global-color-5)","background-image":"","background-repeat":"repeat","background-position":"center center","background-size":"auto","background-attachment":"scroll","background-type":"","background-media":"","overlay-type":"","overlay-color":"","overlay-opacity":"","overlay-gradient":""},"tablet":{"background-color":"var(--ast-global-color-5)","background-image":"","background-repeat":"repeat","background-position":"center center","background-size":"auto","background-attachment":"scroll","background-type":"","background-media":"","overlay-type":"","overlay-color":"","overlay-opacity":"","overlay-gradient":""},"mobile":{"background-color":"var(--ast-global-color-5)","background-image":"","background-repeat":"repeat","background-position":"center center","background-size":"auto","background-attachment":"scroll","background-type":"","background-media":"","overlay-type":"","overlay-color":"","overlay-opacity":"","overlay-gradient":""}}},"product_brand":[],"product_cat":[242],"product_tag":[],"class_list":{"0":"post-9940","1":"product","2":"type-product","3":"status-publish","4":"has-post-thumbnail","6":"product_cat-monitores","7":"product_shipping_class-producto-grande","8":"desktop-align-left","9":"tablet-align-left","10":"mobile-align-left","12":"first","13":"instock","14":"shipping-taxable","15":"purchasable","16":"product-type-simple"},"jetpack_sharing_enabled":true,"_links":{"self":[{"href":"https:\/\/guitarmusichall.com.mx\/shop\/wp-json\/wp\/v2\/product\/9940","targetHints":{"allow":["GET"]}}],"collection":[{"href":"https:\/\/guitarmusichall.com.mx\/shop\/wp-json\/wp\/v2\/product"}],"about":[{"href":"https:\/\/guitarmusichall.com.mx\/shop\/wp-json\/wp\/v2\/types\/product"}],"wp:featuredmedia":[{"embeddable":true,"href":"https:\/\/guitarmusichall.com.mx\/shop\/wp-json\/wp\/v2\/media\/9941"}],"wp:attachment":[{"href":"https:\/\/guitarmusichall.com.mx\/shop\/wp-json\/wp\/v2\/media?parent=9940"}],"wp:term":[{"taxonomy":"product_brand","embeddable":true,"href":"https:\/\/guitarmusichall.com.mx\/shop\/wp-json\/wp\/v2\/product_brand?post=9940"},{"taxonomy":"product_cat","embeddable":true,"href":"https:\/\/guitarmusichall.com.mx\/shop\/wp-json\/wp\/v2\/product_cat?post=9940"},{"taxonomy":"product_tag","embeddable":true,"href":"https:\/\/guitarmusichall.com.mx\/shop\/wp-json\/wp\/v2\/product_tag?post=9940"}],"curies":[{"name":"wp","href":"https:\/\/api.w.org\/{rel}","templated":true}]}}