{"id":9953,"date":"2025-08-04T22:29:01","date_gmt":"2025-08-04T22:29:01","guid":{"rendered":"https:\/\/guitarmusichall.com.mx\/shop\/?post_type=product&#038;p=9953"},"modified":"2026-01-16T23:21:29","modified_gmt":"2026-01-16T23:21:29","slug":"squier-affinity-actv-j-bass-ow","status":"publish","type":"product","link":"https:\/\/guitarmusichall.com.mx\/shop\/producto\/squier-affinity-actv-j-bass-ow\/","title":{"rendered":"SQUIER AFFINITY ACTV J BASS OW"},"content":{"rendered":"","protected":false},"excerpt":{"rendered":"<p><strong>DESCRIPCION DEL PRODUCTO<\/strong><\/p>\n<p>Bajo El\u00e9ctrico Squier Affinity Actv J Bass OW<\/p>\n<p><strong>NUMERO DE PRODUCTO<\/strong><\/p>\n<p>0378703505<\/p>\n<p><strong>CARACTERISTICAS DEL PRODUCTO<\/strong><\/p>\n<p>El Jazz Bass Active Serie Affinity de Squier es una excelente introducci\u00f3n a la prestigiosa familia Fender. Ofrece un dise\u00f1o legendario y el tono emblem\u00e1tico para los\/las aspirantes a bajistas. Este J Bass est\u00e1 equipado con refinamientos que mejoran la interpretaci\u00f3n, como un cuerpo delgado y ligero, un m\u00e1stil delgado y c\u00f3modo en forma de \u00abC\u00bb con incrustaciones de bloques retro y clavijas de engranaje abierto de estilo vintage para una afinaci\u00f3n suave y precisa.<\/p>\n<p>Equipado con dos pastillas Squier Noiseless J Bass moldeadas por un preamplificador activo de 9 voltios y ecualizador de 2 bandas para una amplia variedad de tonos potentes, este modelo est\u00e1 preparado para acompa\u00f1ar a cualquier m\u00fasico en cualquier etapa de su carrera musical.<\/p>\n<p>* Cuerpo delgado y ligero<br \/>\n* M\u00e1stil delgado en forma de \u00abC\u00bb con incrustaciones de bloque<br \/>\n* Pastillas Squier Noiseless<br \/>\n* Preamplificador activo de 9 voltios con controles de volumen, mezcla y ecualizaci\u00f3n de graves\/agudos boost\/cut<br \/>\n* Puente de bajo con 4 selletas<\/p>\n","protected":false},"featured_media":9962,"template":"","meta":{"site-sidebar-layout":"default","site-content-layout":"","ast-site-content-layout":"default","site-content-style":"default","site-sidebar-style":"default","ast-global-header-display":"","ast-banner-title-visibility":"","ast-main-header-display":"","ast-hfb-above-header-display":"","ast-hfb-below-header-display":"","ast-hfb-mobile-header-display":"","site-post-title":"","ast-breadcrumbs-content":"","ast-featured-img":"","footer-sml-layout":"","ast-disable-related-posts":"","theme-transparent-header-meta":"default","adv-header-id-meta":"","stick-header-meta":"","header-above-stick-meta":"","header-main-stick-meta":"","header-below-stick-meta":"","astra-migrate-meta-layouts":"set","ast-page-background-enabled":"default","ast-page-background-meta":{"desktop":{"background-color":"","background-image":"","background-repeat":"repeat","background-position":"center center","background-size":"auto","background-attachment":"scroll","background-type":"","background-media":"","overlay-type":"","overlay-color":"","overlay-opacity":"","overlay-gradient":""},"tablet":{"background-color":"","background-image":"","background-repeat":"repeat","background-position":"center center","background-size":"auto","background-attachment":"scroll","background-type":"","background-media":"","overlay-type":"","overlay-color":"","overlay-opacity":"","overlay-gradient":""},"mobile":{"background-color":"","background-image":"","background-repeat":"repeat","background-position":"center center","background-size":"auto","background-attachment":"scroll","background-type":"","background-media":"","overlay-type":"","overlay-color":"","overlay-opacity":"","overlay-gradient":""}},"ast-content-background-meta":{"desktop":{"background-color":"var(--ast-global-color-5)","background-image":"","background-repeat":"repeat","background-position":"center center","background-size":"auto","background-attachment":"scroll","background-type":"","background-media":"","overlay-type":"","overlay-color":"","overlay-opacity":"","overlay-gradient":""},"tablet":{"background-color":"var(--ast-global-color-5)","background-image":"","background-repeat":"repeat","background-position":"center center","background-size":"auto","background-attachment":"scroll","background-type":"","background-media":"","overlay-type":"","overlay-color":"","overlay-opacity":"","overlay-gradient":""},"mobile":{"background-color":"var(--ast-global-color-5)","background-image":"","background-repeat":"repeat","background-position":"center center","background-size":"auto","background-attachment":"scroll","background-type":"","background-media":"","overlay-type":"","overlay-color":"","overlay-opacity":"","overlay-gradient":""}}},"product_brand":[],"product_cat":[26,106],"product_tag":[],"class_list":{"0":"post-9953","1":"product","2":"type-product","3":"status-publish","4":"has-post-thumbnail","6":"product_cat-bajos","7":"product_cat-squier","8":"product_shipping_class-producto-extra-grande","9":"desktop-align-left","10":"tablet-align-left","11":"mobile-align-left","13":"first","14":"instock","15":"shipping-taxable","16":"purchasable","17":"product-type-simple"},"jetpack_sharing_enabled":true,"_links":{"self":[{"href":"https:\/\/guitarmusichall.com.mx\/shop\/wp-json\/wp\/v2\/product\/9953","targetHints":{"allow":["GET"]}}],"collection":[{"href":"https:\/\/guitarmusichall.com.mx\/shop\/wp-json\/wp\/v2\/product"}],"about":[{"href":"https:\/\/guitarmusichall.com.mx\/shop\/wp-json\/wp\/v2\/types\/product"}],"wp:featuredmedia":[{"embeddable":true,"href":"https:\/\/guitarmusichall.com.mx\/shop\/wp-json\/wp\/v2\/media\/9962"}],"wp:attachment":[{"href":"https:\/\/guitarmusichall.com.mx\/shop\/wp-json\/wp\/v2\/media?parent=9953"}],"wp:term":[{"taxonomy":"product_brand","embeddable":true,"href":"https:\/\/guitarmusichall.com.mx\/shop\/wp-json\/wp\/v2\/product_brand?post=9953"},{"taxonomy":"product_cat","embeddable":true,"href":"https:\/\/guitarmusichall.com.mx\/shop\/wp-json\/wp\/v2\/product_cat?post=9953"},{"taxonomy":"product_tag","embeddable":true,"href":"https:\/\/guitarmusichall.com.mx\/shop\/wp-json\/wp\/v2\/product_tag?post=9953"}],"curies":[{"name":"wp","href":"https:\/\/api.w.org\/{rel}","templated":true}]}}