{"id":996,"date":"2020-08-18T19:51:00","date_gmt":"2020-08-18T19:51:00","guid":{"rendered":"https:\/\/guitarmusichall.com.mx\/shop\/?post_type=product&#038;p=996"},"modified":"2026-01-27T22:10:52","modified_gmt":"2026-01-27T22:10:52","slug":"fender-eacust-cn-140sce-blk","status":"publish","type":"product","link":"https:\/\/guitarmusichall.com.mx\/shop\/producto\/fender-eacust-cn-140sce-blk\/","title":{"rendered":"FENDER EACUST CN-140SCE BLK"},"content":{"rendered":"","protected":false},"excerpt":{"rendered":"<p><strong>DESCRIPCION DEL PRODUCTO<\/strong><\/p>\n<p>Guitarra Electroac\u00fastica Fender Nylon Black<\/p>\n<p><strong>NUMERO DE PRODUCTO<\/strong><\/p>\n<p>0970264306<\/p>\n<p><strong>CARACTERISTICAS DEL PRODUCTO<\/strong><\/p>\n<p>Los modelos Classic Design CN combinan la facilidad de ejecuci\u00f3n y el tono distintivo de las cuerdas de naylon con la comodidad del espaciado de las cuerdas de acero. Hemos reemplazado los m\u00e1stiles t\u00edpicamente anchos que normalmente se encuentran en las guitarras cl\u00e1sicas con el mismo perfil de m\u00e1stil f\u00e1cil de tocar que se encuentra en todos los dem\u00e1s modelos de dise\u00f1o cl\u00e1sico. Como un gui\u00f1o a la tradici\u00f3n, el CN-140SCE utiliza una tapa de cedro macizo, junto con aros y fondo de ovangkol para lograr un tono c\u00e1lido y suave.<\/p>\n<p>La CN-140SCE brinda una experiencia sumamente c\u00f3moda para los m\u00fasicos de cualquier nivel: el cuerpo de concierto de \u00abl\u00ednea delgada\u00bb la convierte en una guitarra perfecta tanto para la sala de estar como para el escenario, mientras que el corte \u00fanico facilita el acceso a los trastes m\u00e1s altos. Cuando surge la necesidad de conectarse, la electr\u00f3nica integrada Fishman\u00ae de este modelo proporciona un control tonal sencillo pero potente.<\/p>\n<p>* Cuerpo Ovangkol<\/p>\n<p>* Tapa S\u00f3lida Cedro<\/p>\n<p>* Diapas\u00f3n Walnut<\/p>\n<p>* Cuerpo Delgado (Thinline)<\/p>\n<p>* Preamp y Eq Fishman CD<\/p>\n<p>* Color Black<\/p>\n<p>* Incluye Estuche.<\/p>\n","protected":false},"featured_media":997,"template":"","meta":{"site-sidebar-layout":"default","site-content-layout":"default","ast-site-content-layout":"default","site-content-style":"default","site-sidebar-style":"default","ast-global-header-display":"","ast-banner-title-visibility":"","ast-main-header-display":"","ast-hfb-above-header-display":"","ast-hfb-below-header-display":"","ast-hfb-mobile-header-display":"","site-post-title":"","ast-breadcrumbs-content":"","ast-featured-img":"","footer-sml-layout":"","ast-disable-related-posts":"","theme-transparent-header-meta":"default","adv-header-id-meta":"","stick-header-meta":"","header-above-stick-meta":"","header-main-stick-meta":"","header-below-stick-meta":"","astra-migrate-meta-layouts":"set","ast-page-background-enabled":"default","ast-page-background-meta":{"desktop":{"background-color":"","background-image":"","background-repeat":"repeat","background-position":"center center","background-size":"auto","background-attachment":"scroll","background-type":"","background-media":"","overlay-type":"","overlay-color":"","overlay-opacity":"","overlay-gradient":""},"tablet":{"background-color":"","background-image":"","background-repeat":"repeat","background-position":"center center","background-size":"auto","background-attachment":"scroll","background-type":"","background-media":"","overlay-type":"","overlay-color":"","overlay-opacity":"","overlay-gradient":""},"mobile":{"background-color":"","background-image":"","background-repeat":"repeat","background-position":"center center","background-size":"auto","background-attachment":"scroll","background-type":"","background-media":"","overlay-type":"","overlay-color":"","overlay-opacity":"","overlay-gradient":""}},"ast-content-background-meta":{"desktop":{"background-color":"var(--ast-global-color-5)","background-image":"","background-repeat":"repeat","background-position":"center center","background-size":"auto","background-attachment":"scroll","background-type":"","background-media":"","overlay-type":"","overlay-color":"","overlay-opacity":"","overlay-gradient":""},"tablet":{"background-color":"var(--ast-global-color-5)","background-image":"","background-repeat":"repeat","background-position":"center center","background-size":"auto","background-attachment":"scroll","background-type":"","background-media":"","overlay-type":"","overlay-color":"","overlay-opacity":"","overlay-gradient":""},"mobile":{"background-color":"var(--ast-global-color-5)","background-image":"","background-repeat":"repeat","background-position":"center center","background-size":"auto","background-attachment":"scroll","background-type":"","background-media":"","overlay-type":"","overlay-color":"","overlay-opacity":"","overlay-gradient":""}}},"product_brand":[],"product_cat":[38,19],"product_tag":[],"class_list":{"0":"post-996","1":"product","2":"type-product","3":"status-publish","4":"has-post-thumbnail","6":"product_cat-fender","7":"product_cat-guitarra-electroacustica","8":"product_shipping_class-producto-extra-grande","9":"desktop-align-left","10":"tablet-align-left","11":"mobile-align-left","13":"first","14":"instock","15":"shipping-taxable","16":"purchasable","17":"product-type-simple"},"jetpack_sharing_enabled":true,"_links":{"self":[{"href":"https:\/\/guitarmusichall.com.mx\/shop\/wp-json\/wp\/v2\/product\/996","targetHints":{"allow":["GET"]}}],"collection":[{"href":"https:\/\/guitarmusichall.com.mx\/shop\/wp-json\/wp\/v2\/product"}],"about":[{"href":"https:\/\/guitarmusichall.com.mx\/shop\/wp-json\/wp\/v2\/types\/product"}],"wp:featuredmedia":[{"embeddable":true,"href":"https:\/\/guitarmusichall.com.mx\/shop\/wp-json\/wp\/v2\/media\/997"}],"wp:attachment":[{"href":"https:\/\/guitarmusichall.com.mx\/shop\/wp-json\/wp\/v2\/media?parent=996"}],"wp:term":[{"taxonomy":"product_brand","embeddable":true,"href":"https:\/\/guitarmusichall.com.mx\/shop\/wp-json\/wp\/v2\/product_brand?post=996"},{"taxonomy":"product_cat","embeddable":true,"href":"https:\/\/guitarmusichall.com.mx\/shop\/wp-json\/wp\/v2\/product_cat?post=996"},{"taxonomy":"product_tag","embeddable":true,"href":"https:\/\/guitarmusichall.com.mx\/shop\/wp-json\/wp\/v2\/product_tag?post=996"}],"curies":[{"name":"wp","href":"https:\/\/api.w.org\/{rel}","templated":true}]}}